{"id":1704,"date":"2025-06-17T19:21:38","date_gmt":"2025-06-17T19:21:38","guid":{"rendered":"https:\/\/xn--gasgerte-kundendienst-b2b.at\/?page_id=1704"},"modified":"2026-01-20T16:37:02","modified_gmt":"2026-01-20T16:37:02","slug":"junkers-thermenwartung","status":"publish","type":"page","link":"https:\/\/xn--gasgerte-kundendienst-b2b.at\/?page_id=1704","title":{"rendered":"junkers-thermenwartung"},"content":{"rendered":"<h1>Junkers Thermenwartung f\u00fcr Wien \u2013 Professionell &amp; Zuverl\u00e4ssig mit Gasger\u00e4te Kundendienst<\/h1>\n<h2>Ihre Experten f\u00fcr Junkers-Thermen in Wien<br \/>\n<\/h2>\n<p data-start=\"506\" data-end=\"791\">Wenn Ihre Junkers-Therme nicht mehr effizient heizt, ungew\u00f6hnliche Ger\u00e4usche macht oder h\u00e4ufige St\u00f6rungen auftreten, ist es an der Zeit f\u00fcr eine fachgerechte Wartung. Bei <b>Gasger\u00e4te Kundendienst<\/b> bieten wir zuverl\u00e4ssige und professionelle Thermenwartungen in ganz Wien \u2013 schnell, transparent und zu fairen Preisen.<\/p>\n<p>[elementor-template id=&#8221;2433&#8243;]<br \/>\n\t\t\t\t\t\t\t\t\t\t\t\t\t\t\t<img loading=\"lazy\" decoding=\"async\" width=\"44\" height=\"44\" src=\"https:\/\/xn--gasgerte-kundendienst-b2b.at\/wp-content\/uploads\/2025\/06\/image-94.png\" alt=\"\" \/><br \/>\n\t\t\t<meta itemprop=\"worstRating\" content=\"0\"><br \/>\n\t\t\t<meta itemprop=\"bestRating\" content=\"5\"><br \/>\n\t\t\t\t\t<svg aria-hidden=\"true\" viewBox=\"0 0 1000 1000\" xmlns=\"http:\/\/www.w3.org\/2000\/svg\"><path d=\"M450 75L338 312 88 350C46 354 25 417 58 450L238 633 196 896C188 942 238 975 275 954L500 837 725 954C767 975 813 942 804 896L763 633 942 450C975 417 954 358 913 350L663 312 550 75C529 33 471 33 450 75Z\"><\/path><\/svg><br \/>\n\t\t\t\t\t<svg aria-hidden=\"true\" viewBox=\"0 0 1000 1000\" xmlns=\"http:\/\/www.w3.org\/2000\/svg\"><path d=\"M450 75L338 312 88 350C46 354 25 417 58 450L238 633 196 896C188 942 238 975 275 954L500 837 725 954C767 975 813 942 804 896L763 633 942 450C975 417 954 358 913 350L663 312 550 75C529 33 471 33 450 75Z\"><\/path><\/svg><br \/>\n\t\t\t\t\t<svg aria-hidden=\"true\" viewBox=\"0 0 1000 1000\" xmlns=\"http:\/\/www.w3.org\/2000\/svg\"><path d=\"M450 75L338 312 88 350C46 354 25 417 58 450L238 633 196 896C188 942 238 975 275 954L500 837 725 954C767 975 813 942 804 896L763 633 942 450C975 417 954 358 913 350L663 312 550 75C529 33 471 33 450 75Z\"><\/path><\/svg><br \/>\n\t\t\t\t\t<svg aria-hidden=\"true\" viewBox=\"0 0 1000 1000\" xmlns=\"http:\/\/www.w3.org\/2000\/svg\"><path d=\"M450 75L338 312 88 350C46 354 25 417 58 450L238 633 196 896C188 942 238 975 275 954L500 837 725 954C767 975 813 942 804 896L763 633 942 450C975 417 954 358 913 350L663 312 550 75C529 33 471 33 450 75Z\"><\/path><\/svg><br \/>\n\t\t\t\t\t<svg aria-hidden=\"true\" viewBox=\"0 0 1000 1000\" xmlns=\"http:\/\/www.w3.org\/2000\/svg\"><path d=\"M450 75L338 312 88 350C46 354 25 417 58 450L238 633 196 896C188 942 238 975 275 954L500 837 725 954C767 975 813 942 804 896L763 633 942 450C975 417 954 358 913 350L663 312 550 75C529 33 471 33 450 75Z\"><\/path><\/svg><br \/>\n\t\t\t\t\t<svg aria-hidden=\"true\" viewBox=\"0 0 1000 1000\" xmlns=\"http:\/\/www.w3.org\/2000\/svg\"><path d=\"M450 75L338 312 88 350C46 354 25 417 58 450L238 633 196 896C188 942 238 975 275 954L500 837 725 954C767 975 813 942 804 896L763 633 942 450C975 417 954 358 913 350L663 312 550 75C529 33 471 33 450 75Z\"><\/path><\/svg><br \/>\n\t\t\t\t\t<svg aria-hidden=\"true\" viewBox=\"0 0 1000 1000\" xmlns=\"http:\/\/www.w3.org\/2000\/svg\"><path d=\"M450 75L338 312 88 350C46 354 25 417 58 450L238 633 196 896C188 942 238 975 275 954L500 837 725 954C767 975 813 942 804 896L763 633 942 450C975 417 954 358 913 350L663 312 550 75C529 33 471 33 450 75Z\"><\/path><\/svg><br \/>\n\t\t\t\t\t<svg aria-hidden=\"true\" viewBox=\"0 0 1000 1000\" xmlns=\"http:\/\/www.w3.org\/2000\/svg\"><path d=\"M450 75L338 312 88 350C46 354 25 417 58 450L238 633 196 896C188 942 238 975 275 954L500 837 725 954C767 975 813 942 804 896L763 633 942 450C975 417 954 358 913 350L663 312 550 75C529 33 471 33 450 75Z\"><\/path><\/svg><br \/>\n\t\t\t\t\t<svg aria-hidden=\"true\" viewBox=\"0 0 1000 1000\" xmlns=\"http:\/\/www.w3.org\/2000\/svg\"><path d=\"M450 75L338 312 88 350C46 354 25 417 58 450L238 633 196 896C188 942 238 975 275 954L500 837 725 954C767 975 813 942 804 896L763 633 942 450C975 417 954 358 913 350L663 312 550 75C529 33 471 33 450 75Z\"><\/path><\/svg><br \/>\n\t\t\t\t\t<svg aria-hidden=\"true\" viewBox=\"0 0 1000 1000\" xmlns=\"http:\/\/www.w3.org\/2000\/svg\"><path d=\"M450 75L338 312 88 350C46 354 25 417 58 450L238 633 196 896C188 942 238 975 275 954L500 837 725 954C767 975 813 942 804 896L763 633 942 450C975 417 954 358 913 350L663 312 550 75C529 33 471 33 450 75Z\"><\/path><\/svg><br \/>\n\t\t\t\t\t4.9 Google Ranking<br \/>\n\t\t\t\t\t\t\t\t\t\t\t\t\t\t\t<img loading=\"lazy\" decoding=\"async\" width=\"300\" height=\"56\" src=\"https:\/\/xn--gasgerte-kundendienst-b2b.at\/wp-content\/uploads\/2025\/06\/Junkers-Logo-1536x285-1-1024x190-1-300x56-1.webp\" alt=\"\" srcset=\"https:\/\/xn--gasgerte-kundendienst-b2b.at\/wp-content\/uploads\/2025\/06\/Junkers-Logo-1536x285-1-1024x190-1-300x56-1.webp 300w, https:\/\/xn--gasgerte-kundendienst-b2b.at\/wp-content\/uploads\/2025\/06\/Junkers-Logo-1536x285-1-1024x190-1-300x56-1-150x28.webp 150w\" sizes=\"auto, (max-width: 300px) 100vw, 300px\" \/><br \/>\n\t\t\t\t\t\t\t\t\t\t\t\t\t\t\t<img loading=\"lazy\" decoding=\"async\" width=\"93\" height=\"42\" src=\"https:\/\/xn--gasgerte-kundendienst-b2b.at\/wp-content\/uploads\/2025\/06\/Group-1171274789.png\" alt=\"\" \/><br \/>\n\t\t\t\t\t140K+<br \/>\n\t\t\t\t\tZufriedene Kunden<br \/>\n\t\t\tJahrelange Erfahrung<br \/>\n\t\t\t\t0<br \/>\n\t\t\t\t+<br \/>\n\t\t\tKunden weltweit<br \/>\n\t\t\t\t0<br \/>\n\t\t\t\tk<\/p>\n<h4>\n\t\t\t\tInhaltsverzeichnis\t\t\t<\/h4>\n<p>\t\t\t\t\t\t\t<svg aria-hidden=\"true\" viewBox=\"0 0 448 512\" xmlns=\"http:\/\/www.w3.org\/2000\/svg\"><path d=\"M207.029 381.476L12.686 187.132c-9.373-9.373-9.373-24.569 0-33.941l22.667-22.667c9.357-9.357 24.522-9.375 33.901-.04L224 284.505l154.745-154.021c9.379-9.335 24.544-9.317 33.901.04l22.667 22.667c9.373 9.373 9.373 24.569 0 33.941L240.971 381.476c-9.373 9.372-24.569 9.372-33.942 0z\"><\/path><\/svg><br \/>\n\t\t\t\t<svg aria-hidden=\"true\" viewBox=\"0 0 448 512\" xmlns=\"http:\/\/www.w3.org\/2000\/svg\"><path d=\"M240.971 130.524l194.343 194.343c9.373 9.373 9.373 24.569 0 33.941l-22.667 22.667c-9.357 9.357-24.522 9.375-33.901.04L224 227.495 69.255 381.516c-9.379 9.335-24.544 9.317-33.901-.04l-22.667-22.667c-9.373-9.373-9.373-24.569 0-33.941L207.03 130.525c9.372-9.373 24.568-9.373 33.941-.001z\"><\/path><\/svg><br \/>\n\t\t\t\t<svg aria-hidden=\"true\" viewBox=\"0 0 1000 1000\" xmlns=\"http:\/\/www.w3.org\/2000\/svg\"><path d=\"M500 975V858C696 858 858 696 858 500S696 142 500 142 142 304 142 500H25C25 237 238 25 500 25S975 237 975 500 763 975 500 975Z\"><\/path><\/svg><br \/>\n\t\t\t\t\t\t\t\t\t\t\t\t\t\t\t<img loading=\"lazy\" decoding=\"async\" width=\"1024\" height=\"683\" src=\"https:\/\/xn--gasgerte-kundendienst-b2b.at\/wp-content\/uploads\/2025\/12\/ChatGPT-Image-Dec-27-2025-08_28_36-PM-1024x683.jpg\" alt=\"\" srcset=\"https:\/\/xn--gasgerte-kundendienst-b2b.at\/wp-content\/uploads\/2025\/12\/ChatGPT-Image-Dec-27-2025-08_28_36-PM-1024x683.jpg 1024w, https:\/\/xn--gasgerte-kundendienst-b2b.at\/wp-content\/uploads\/2025\/12\/ChatGPT-Image-Dec-27-2025-08_28_36-PM-300x200.jpg 300w, https:\/\/xn--gasgerte-kundendienst-b2b.at\/wp-content\/uploads\/2025\/12\/ChatGPT-Image-Dec-27-2025-08_28_36-PM-768x512.jpg 768w, https:\/\/xn--gasgerte-kundendienst-b2b.at\/wp-content\/uploads\/2025\/12\/ChatGPT-Image-Dec-27-2025-08_28_36-PM-600x400.jpg 600w, https:\/\/xn--gasgerte-kundendienst-b2b.at\/wp-content\/uploads\/2025\/12\/ChatGPT-Image-Dec-27-2025-08_28_36-PM-150x100.jpg 150w, https:\/\/xn--gasgerte-kundendienst-b2b.at\/wp-content\/uploads\/2025\/12\/ChatGPT-Image-Dec-27-2025-08_28_36-PM.jpg 1536w\" sizes=\"auto, (max-width: 1024px) 100vw, 1024px\" \/><br \/>\n\t\t\t\t\t\u00dcber Gasger\u00e4te-Kundendienst\t\t\t\t<\/p>\n<h2><b>Warum ist eine regelm\u00e4\u00dfige Wartung Ihrer Junkers-Therme wichtig?<\/b><\/h2>\n<p>Thermen sind ein zentraler Bestandteil jedes Haushalts, besonders in den k\u00e4lteren Monaten. Eine regelm\u00e4\u00dfige Wartung Ihrer Junkers-Therme sch\u00fctzt nicht nur vor hohen Reparaturkosten, sondern tr\u00e4gt auch dazu bei, dass Ihre Therme effizient arbeitet. Die Vorteile einer Wartung sind:<\/p>\n<ul>\n<li style=\"font-weight: 400;\" aria-level=\"1\">\u2705 <b>Optimale Energieeffizienz<\/b><b>\n<p><\/b><\/li>\n<li style=\"font-weight: 400;\" aria-level=\"1\">\u2705 <b>Verl\u00e4ngerte Lebensdauer Ihrer Therme<\/b><b>\n<p><\/b><\/li>\n<li style=\"font-weight: 400;\" aria-level=\"1\">\u2705 <b>Fr\u00fchzeitige Erkennung von Verschlei\u00df<\/b><b>\n<p><\/b><\/li>\n<li style=\"font-weight: 400;\" aria-level=\"1\">\u2705 <b>Sicherheit durch \u00dcberpr\u00fcfung der Abgaswerte<\/b><b>\n<p><\/b><\/li>\n<li style=\"font-weight: 400;\" aria-level=\"1\">\u2705 <b>Erf\u00fcllung gesetzlicher Vorschriften (\u00a7 13 GSVG)<\/b><\/li>\n<\/ul>\n<p>[elementor-template id=&#8221;2433&#8243;]<br \/>\n\t\t\t\t\t\t\t\t\t\t\t\t\t\t\t<img loading=\"lazy\" decoding=\"async\" width=\"682\" height=\"1024\" src=\"https:\/\/xn--gasgerte-kundendienst-b2b.at\/wp-content\/uploads\/2025\/12\/WhatsApp-Image-2025-12-23-at-10.32.27-PM-682x1024.jpeg\" alt=\"\" srcset=\"https:\/\/xn--gasgerte-kundendienst-b2b.at\/wp-content\/uploads\/2025\/12\/WhatsApp-Image-2025-12-23-at-10.32.27-PM-682x1024.jpeg 682w, https:\/\/xn--gasgerte-kundendienst-b2b.at\/wp-content\/uploads\/2025\/12\/WhatsApp-Image-2025-12-23-at-10.32.27-PM-200x300.jpeg 200w, https:\/\/xn--gasgerte-kundendienst-b2b.at\/wp-content\/uploads\/2025\/12\/WhatsApp-Image-2025-12-23-at-10.32.27-PM-768x1152.jpeg 768w, https:\/\/xn--gasgerte-kundendienst-b2b.at\/wp-content\/uploads\/2025\/12\/WhatsApp-Image-2025-12-23-at-10.32.27-PM-600x900.jpeg 600w, https:\/\/xn--gasgerte-kundendienst-b2b.at\/wp-content\/uploads\/2025\/12\/WhatsApp-Image-2025-12-23-at-10.32.27-PM-100x150.jpeg 100w, https:\/\/xn--gasgerte-kundendienst-b2b.at\/wp-content\/uploads\/2025\/12\/WhatsApp-Image-2025-12-23-at-10.32.27-PM.jpeg 853w\" sizes=\"auto, (max-width: 682px) 100vw, 682px\" \/><br \/>\n\t\t\t\t\tEffizienz &amp; Sicherheit\t\t\t\t<\/p>\n<h2><b>Wann sollte eine Junkers-Therme gewartet werden?<\/b><\/h2>\n<p>Wir empfehlen, Ihre Therme einmal j\u00e4hrlich zu warten \u2013 am besten vor Beginn der Heizsaison im Herbst. So k\u00f6nnen Sie Leistungseinbu\u00dfen verhindern und unangenehme Notf\u00e4lle im Winter vermeiden.<\/p>\n<p>Einige Anzeichen, dass Ihre Wartung \u00fcberf\u00e4llig ist:<\/p>\n<ul>\n<li style=\"font-weight: 400;\" aria-level=\"1\">Die Therme heizt langsamer oder ungleichm\u00e4\u00dfig\n<\/li>\n<li style=\"font-weight: 400;\" aria-level=\"1\">Ger\u00e4usche wie Knacken oder Pfeifen sind h\u00f6rbar\n<\/li>\n<li style=\"font-weight: 400;\" aria-level=\"1\">H\u00e4ufige Neustarts oder Fehlermeldungen\n<\/li>\n<\/ul>\n<p data-start=\"2296\" data-end=\"2465\">Gasgeruch oder Ru\u00dfbildung<\/p>\n<p>[elementor-template id=&#8221;2433&#8243;]\t\t<\/p>\n<h2>\nAblauf Ihrer Junkers-Thermenwartung \u2013 Schritt f\u00fcr Schritt<br \/>\n<\/h2>\n<p>\t\t\t\t<svg aria-hidden=\"true\" viewBox=\"0 0 576 512\" xmlns=\"http:\/\/www.w3.org\/2000\/svg\"><path d=\"M528 32H48C21.5 32 0 53.5 0 80v352c0 26.5 21.5 48 48 48h480c26.5 0 48-21.5 48-48V80c0-26.5-21.5-48-48-48zm0 400H48V80h480v352zM208 256c35.3 0 64-28.7 64-64s-28.7-64-64-64-64 28.7-64 64 28.7 64 64 64zm-89.6 128h179.2c12.4 0 22.4-8.6 22.4-19.2v-19.2c0-31.8-30.1-57.6-67.2-57.6-10.8 0-18.7 8-44.8 8-26.9 0-33.4-8-44.8-8-37.1 0-67.2 25.8-67.2 57.6v19.2c0 10.6 10 19.2 22.4 19.2zM360 320h112c4.4 0 8-3.6 8-8v-16c0-4.4-3.6-8-8-8H360c-4.4 0-8 3.6-8 8v16c0 4.4 3.6 8 8 8zm0-64h112c4.4 0 8-3.6 8-8v-16c0-4.4-3.6-8-8-8H360c-4.4 0-8 3.6-8 8v16c0 4.4 3.6 8 8 8zm0-64h112c4.4 0 8-3.6 8-8v-16c0-4.4-3.6-8-8-8H360c-4.4 0-8 3.6-8 8v16c0 4.4 3.6 8 8 8z\"><\/path><\/svg>\t\t\t\t<\/p>\n<h3>\n\t\t\t\t\t\t\tKontaktaufnahme<br \/>\n\t\t\t\t\t<\/h3>\n<p>\n\t\t\t\t\t\tKontaktieren Sie uns bequem per Telefon oder \u00fcber unser Online-Formular.\n\t\t\t\t\t<\/p>\n<p>\t\t\t\t<svg aria-hidden=\"true\" viewBox=\"0 0 512 512\" xmlns=\"http:\/\/www.w3.org\/2000\/svg\"><path d=\"M256 8C119 8 8 119 8 256s111 248 248 248 248-111 248-248S393 8 256 8zm0 448c-110.5 0-200-89.5-200-200S145.5 56 256 56s200 89.5 200 200-89.5 200-200 200zm61.8-104.4l-84.9-61.7c-3.1-2.3-4.9-5.9-4.9-9.7V116c0-6.6 5.4-12 12-12h32c6.6 0 12 5.4 12 12v141.7l66.8 48.6c5.4 3.9 6.5 11.4 2.6 16.8L334.6 349c-3.9 5.3-11.4 6.5-16.8 2.6z\"><\/path><\/svg>\t\t\t\t<\/p>\n<h3>\n\t\t\t\t\t\t\tTerminvereinbarung<br \/>\n\t\t\t\t\t<\/h3>\n<p>\n\t\t\t\t\t\tWir garantieren eine schnelle Terminvereinbarung innerhalb von 24\u201348 Stunden.\n\t\t\t\t\t<\/p>\n<p>\t\t\t\t<svg aria-hidden=\"true\" viewBox=\"0 0 512 512\" xmlns=\"http:\/\/www.w3.org\/2000\/svg\"><path d=\"M444.52 3.52L28.74 195.42c-47.97 22.39-31.98 92.75 19.19 92.75h175.91v175.91c0 51.17 70.36 67.17 92.75 19.19l191.9-415.78c15.99-38.39-25.59-79.97-63.97-63.97z\"><\/path><\/svg>\t\t\t\t<\/p>\n<h3>\n\t\t\t\t\t\t\tZugang vor Ort<br \/>\n\t\t\t\t\t<\/h3>\n<p>\n\t\t\t\t\t\tUnsere geschulten Techniker kommen direkt zu Ihnen, um die Wartung vor Ort durchzuf\u00fchren\n\t\t\t\t\t<\/p>\n<p>\t\t\t\t\t\t\t\t\t\t\t\t\t\t\t<img loading=\"lazy\" decoding=\"async\" width=\"682\" height=\"1024\" src=\"https:\/\/xn--gasgerte-kundendienst-b2b.at\/wp-content\/uploads\/2025\/12\/WhatsApp-Image-2025-12-23-at-10.32.22-PM-682x1024.jpeg\" alt=\"\" srcset=\"https:\/\/xn--gasgerte-kundendienst-b2b.at\/wp-content\/uploads\/2025\/12\/WhatsApp-Image-2025-12-23-at-10.32.22-PM-682x1024.jpeg 682w, https:\/\/xn--gasgerte-kundendienst-b2b.at\/wp-content\/uploads\/2025\/12\/WhatsApp-Image-2025-12-23-at-10.32.22-PM-200x300.jpeg 200w, https:\/\/xn--gasgerte-kundendienst-b2b.at\/wp-content\/uploads\/2025\/12\/WhatsApp-Image-2025-12-23-at-10.32.22-PM-768x1152.jpeg 768w, https:\/\/xn--gasgerte-kundendienst-b2b.at\/wp-content\/uploads\/2025\/12\/WhatsApp-Image-2025-12-23-at-10.32.22-PM-600x900.jpeg 600w, https:\/\/xn--gasgerte-kundendienst-b2b.at\/wp-content\/uploads\/2025\/12\/WhatsApp-Image-2025-12-23-at-10.32.22-PM-100x150.jpeg 100w, https:\/\/xn--gasgerte-kundendienst-b2b.at\/wp-content\/uploads\/2025\/12\/WhatsApp-Image-2025-12-23-at-10.32.22-PM.jpeg 853w\" sizes=\"auto, (max-width: 682px) 100vw, 682px\" \/><br \/>\nWartungs-Vorteile<\/p>\n<h2>Warum eine regelm\u00e4\u00dfige Thermenwartung unverzichtbar ist<\/h2>\n<p>Als zuverl\u00e4ssiger Fachbetrieb f\u00fcr Thermenservices in Wien stehen wir f\u00fcr Qualit\u00e4t, Transparenz und Kundenn\u00e4he. Unsere Kunden profitieren von:<\/p>\n<ul>\n<li style=\"font-weight: 400;\" aria-level=\"1\">\ud83d\udcbc <b>Langj\u00e4hriger Erfahrung mit Junkers-Ger\u00e4ten<\/b><b>\n<p><\/b><\/li>\n<li style=\"font-weight: 400;\" aria-level=\"1\">\ud83d\ude97 <b>Schnellen Terminen in ganz Wien<\/b><b>\n<p><\/b><\/li>\n<li style=\"font-weight: 400;\" aria-level=\"1\">\ud83d\udcb6 <b>Fixpreisen ohne versteckte Kosten<\/b><b>\n<p><\/b><\/li>\n<li style=\"font-weight: 400;\" aria-level=\"1\">\ud83d\udd52 <b>24\/7 Notdienst \u2013 auch an Feiertagen<\/b><b>\n<p><\/b><\/li>\n<li style=\"font-weight: 400;\" aria-level=\"1\">\ud83d\udc68\u200d\ud83d\udd27 <b>Zertifizierten Technikern &amp; modernem Equipment<\/b><\/li>\n<\/ul>\n<p>[elementor-template id=&#8221;2433&#8243;]<br \/>\n\t\t\t\t\t\t\t\t\t\t\t\t\t\t\t<img loading=\"lazy\" decoding=\"async\" width=\"44\" height=\"44\" src=\"https:\/\/xn--gasgerte-kundendienst-b2b.at\/wp-content\/uploads\/2025\/06\/image-94.png\" alt=\"\" \/><br \/>\n\t\t\t<meta itemprop=\"worstRating\" content=\"0\"><br \/>\n\t\t\t<meta itemprop=\"bestRating\" content=\"5\"><br \/>\n\t\t\t\t\t<svg aria-hidden=\"true\" viewBox=\"0 0 1000 1000\" xmlns=\"http:\/\/www.w3.org\/2000\/svg\"><path d=\"M450 75L338 312 88 350C46 354 25 417 58 450L238 633 196 896C188 942 238 975 275 954L500 837 725 954C767 975 813 942 804 896L763 633 942 450C975 417 954 358 913 350L663 312 550 75C529 33 471 33 450 75Z\"><\/path><\/svg><br \/>\n\t\t\t\t\t<svg aria-hidden=\"true\" viewBox=\"0 0 1000 1000\" xmlns=\"http:\/\/www.w3.org\/2000\/svg\"><path d=\"M450 75L338 312 88 350C46 354 25 417 58 450L238 633 196 896C188 942 238 975 275 954L500 837 725 954C767 975 813 942 804 896L763 633 942 450C975 417 954 358 913 350L663 312 550 75C529 33 471 33 450 75Z\"><\/path><\/svg><br \/>\n\t\t\t\t\t<svg aria-hidden=\"true\" viewBox=\"0 0 1000 1000\" xmlns=\"http:\/\/www.w3.org\/2000\/svg\"><path d=\"M450 75L338 312 88 350C46 354 25 417 58 450L238 633 196 896C188 942 238 975 275 954L500 837 725 954C767 975 813 942 804 896L763 633 942 450C975 417 954 358 913 350L663 312 550 75C529 33 471 33 450 75Z\"><\/path><\/svg><br \/>\n\t\t\t\t\t<svg aria-hidden=\"true\" viewBox=\"0 0 1000 1000\" xmlns=\"http:\/\/www.w3.org\/2000\/svg\"><path d=\"M450 75L338 312 88 350C46 354 25 417 58 450L238 633 196 896C188 942 238 975 275 954L500 837 725 954C767 975 813 942 804 896L763 633 942 450C975 417 954 358 913 350L663 312 550 75C529 33 471 33 450 75Z\"><\/path><\/svg><br \/>\n\t\t\t\t\t<svg aria-hidden=\"true\" viewBox=\"0 0 1000 1000\" xmlns=\"http:\/\/www.w3.org\/2000\/svg\"><path d=\"M450 75L338 312 88 350C46 354 25 417 58 450L238 633 196 896C188 942 238 975 275 954L500 837 725 954C767 975 813 942 804 896L763 633 942 450C975 417 954 358 913 350L663 312 550 75C529 33 471 33 450 75Z\"><\/path><\/svg><br \/>\n\t\t\t\t\t<svg aria-hidden=\"true\" viewBox=\"0 0 1000 1000\" xmlns=\"http:\/\/www.w3.org\/2000\/svg\"><path d=\"M450 75L338 312 88 350C46 354 25 417 58 450L238 633 196 896C188 942 238 975 275 954L500 837 725 954C767 975 813 942 804 896L763 633 942 450C975 417 954 358 913 350L663 312 550 75C529 33 471 33 450 75Z\"><\/path><\/svg><br \/>\n\t\t\t\t\t<svg aria-hidden=\"true\" viewBox=\"0 0 1000 1000\" xmlns=\"http:\/\/www.w3.org\/2000\/svg\"><path d=\"M450 75L338 312 88 350C46 354 25 417 58 450L238 633 196 896C188 942 238 975 275 954L500 837 725 954C767 975 813 942 804 896L763 633 942 450C975 417 954 358 913 350L663 312 550 75C529 33 471 33 450 75Z\"><\/path><\/svg><br \/>\n\t\t\t\t\t<svg aria-hidden=\"true\" viewBox=\"0 0 1000 1000\" xmlns=\"http:\/\/www.w3.org\/2000\/svg\"><path d=\"M450 75L338 312 88 350C46 354 25 417 58 450L238 633 196 896C188 942 238 975 275 954L500 837 725 954C767 975 813 942 804 896L763 633 942 450C975 417 954 358 913 350L663 312 550 75C529 33 471 33 450 75Z\"><\/path><\/svg><br \/>\n\t\t\t\t\t<svg aria-hidden=\"true\" viewBox=\"0 0 1000 1000\" xmlns=\"http:\/\/www.w3.org\/2000\/svg\"><path d=\"M450 75L338 312 88 350C46 354 25 417 58 450L238 633 196 896C188 942 238 975 275 954L500 837 725 954C767 975 813 942 804 896L763 633 942 450C975 417 954 358 913 350L663 312 550 75C529 33 471 33 450 75Z\"><\/path><\/svg><br \/>\n\t\t\t\t\t<svg aria-hidden=\"true\" viewBox=\"0 0 1000 1000\" xmlns=\"http:\/\/www.w3.org\/2000\/svg\"><path d=\"M450 75L338 312 88 350C46 354 25 417 58 450L238 633 196 896C188 942 238 975 275 954L500 837 725 954C767 975 813 942 804 896L763 633 942 450C975 417 954 358 913 350L663 312 550 75C529 33 471 33 450 75Z\"><\/path><\/svg><br \/>\n\t\t\t\t\t4.9 Google Ranking<br \/>\n\t\t\t\t\t\t\t\t\t\t\t\t\t\t\t<img loading=\"lazy\" decoding=\"async\" width=\"300\" height=\"56\" src=\"https:\/\/xn--gasgerte-kundendienst-b2b.at\/wp-content\/uploads\/2025\/06\/Junkers-Logo-1536x285-1-1024x190-1-300x56-1.webp\" alt=\"\" srcset=\"https:\/\/xn--gasgerte-kundendienst-b2b.at\/wp-content\/uploads\/2025\/06\/Junkers-Logo-1536x285-1-1024x190-1-300x56-1.webp 300w, https:\/\/xn--gasgerte-kundendienst-b2b.at\/wp-content\/uploads\/2025\/06\/Junkers-Logo-1536x285-1-1024x190-1-300x56-1-150x28.webp 150w\" sizes=\"auto, (max-width: 300px) 100vw, 300px\" \/><br \/>\n\t\t\t\t\tH\u00e4ufig gestellte Fragen\t\t\t\t<\/p>\n<details id=\"e-n-accordion-item-2600\" open>\n<summary data-accordion-index=\"1\" tabindex=\"0\" aria-expanded=\"true\" aria-controls=\"e-n-accordion-item-2600\" >\n\t\t\t\t\t Wie oft sollte eine Junkers-Therme gewartet werden?<br \/>\n\t\t\t<svg aria-hidden=\"true\" viewBox=\"0 0 448 512\" xmlns=\"http:\/\/www.w3.org\/2000\/svg\"><path d=\"M416 208H32c-17.67 0-32 14.33-32 32v32c0 17.67 14.33 32 32 32h384c17.67 0 32-14.33 32-32v-32c0-17.67-14.33-32-32-32z\"><\/path><\/svg><br \/>\n\t\t\t<svg aria-hidden=\"true\" viewBox=\"0 0 448 512\" xmlns=\"http:\/\/www.w3.org\/2000\/svg\"><path d=\"M416 208H272V64c0-17.67-14.33-32-32-32h-32c-17.67 0-32 14.33-32 32v144H32c-17.67 0-32 14.33-32 32v32c0 17.67 14.33 32 32 32h144v144c0 17.67 14.33 32 32 32h32c17.67 0 32-14.33 32-32V304h144c17.67 0 32-14.33 32-32v-32c0-17.67-14.33-32-32-32z\"><\/path><\/svg><br \/>\n\t\t\t\t\t\t<\/summary>\n<p data-start=\"3897\" data-end=\"3961\">Mindestens einmal j\u00e4hrlich, idealerweise vor der Heizsaison.<\/p>\n<\/details>\n<details id=\"e-n-accordion-item-2601\" >\n<summary data-accordion-index=\"2\" tabindex=\"-1\" aria-expanded=\"false\" aria-controls=\"e-n-accordion-item-2601\" >\n\t\t\t\t\t Wie lange dauert eine Thermenwartung?<br \/>\n\t\t\t<svg aria-hidden=\"true\" viewBox=\"0 0 448 512\" xmlns=\"http:\/\/www.w3.org\/2000\/svg\"><path d=\"M416 208H32c-17.67 0-32 14.33-32 32v32c0 17.67 14.33 32 32 32h384c17.67 0 32-14.33 32-32v-32c0-17.67-14.33-32-32-32z\"><\/path><\/svg><br \/>\n\t\t\t<svg aria-hidden=\"true\" viewBox=\"0 0 448 512\" xmlns=\"http:\/\/www.w3.org\/2000\/svg\"><path d=\"M416 208H272V64c0-17.67-14.33-32-32-32h-32c-17.67 0-32 14.33-32 32v144H32c-17.67 0-32 14.33-32 32v32c0 17.67 14.33 32 32 32h144v144c0 17.67 14.33 32 32 32h32c17.67 0 32-14.33 32-32V304h144c17.67 0 32-14.33 32-32v-32c0-17.67-14.33-32-32-32z\"><\/path><\/svg><br \/>\n\t\t\t\t\t\t<\/summary>\n<p data-start=\"4008\" data-end=\"4095\">\u00a0In der Regel dauert die Wartung etwa 45 bis 60 Minuten, abh\u00e4ngig vom Ger\u00e4tezustand.<\/p>\n<\/details>\n<details id=\"e-n-accordion-item-2602\" >\n<summary data-accordion-index=\"3\" tabindex=\"-1\" aria-expanded=\"false\" aria-controls=\"e-n-accordion-item-2602\" >\n\t\t\t\t\t Was kostet eine Junkers-Thermenwartung bei Gasger\u00e4te Kundendienst?<br \/>\n\t\t\t<svg aria-hidden=\"true\" viewBox=\"0 0 448 512\" xmlns=\"http:\/\/www.w3.org\/2000\/svg\"><path d=\"M416 208H32c-17.67 0-32 14.33-32 32v32c0 17.67 14.33 32 32 32h384c17.67 0 32-14.33 32-32v-32c0-17.67-14.33-32-32-32z\"><\/path><\/svg><br \/>\n\t\t\t<svg aria-hidden=\"true\" viewBox=\"0 0 448 512\" xmlns=\"http:\/\/www.w3.org\/2000\/svg\"><path d=\"M416 208H272V64c0-17.67-14.33-32-32-32h-32c-17.67 0-32 14.33-32 32v144H32c-17.67 0-32 14.33-32 32v32c0 17.67 14.33 32 32 32h144v144c0 17.67 14.33 32 32 32h32c17.67 0 32-14.33 32-32V304h144c17.67 0 32-14.33 32-32v-32c0-17.67-14.33-32-32-32z\"><\/path><\/svg><br \/>\n\t\t\t\t\t\t<\/summary>\n<p data-start=\"4160\" data-end=\"4241\">Wir bieten transparente Fixpreise ab [z.\u202fB. 99\u202f\u20ac], inklusive Anfahrt in Wien.<\/p>\n<\/details>\n<details id=\"e-n-accordion-item-2603\" >\n<summary data-accordion-index=\"4\" tabindex=\"-1\" aria-expanded=\"false\" aria-controls=\"e-n-accordion-item-2603\" >\n\t\t\t\t\t Was passiert, wenn ich meine Therme nicht warte?<br \/>\n\t\t\t<svg aria-hidden=\"true\" viewBox=\"0 0 448 512\" xmlns=\"http:\/\/www.w3.org\/2000\/svg\"><path d=\"M416 208H32c-17.67 0-32 14.33-32 32v32c0 17.67 14.33 32 32 32h384c17.67 0 32-14.33 32-32v-32c0-17.67-14.33-32-32-32z\"><\/path><\/svg><br \/>\n\t\t\t<svg aria-hidden=\"true\" viewBox=\"0 0 448 512\" xmlns=\"http:\/\/www.w3.org\/2000\/svg\"><path d=\"M416 208H272V64c0-17.67-14.33-32-32-32h-32c-17.67 0-32 14.33-32 32v144H32c-17.67 0-32 14.33-32 32v32c0 17.67 14.33 32 32 32h144v144c0 17.67 14.33 32 32 32h32c17.67 0 32-14.33 32-32V304h144c17.67 0 32-14.33 32-32v-32c0-17.67-14.33-32-32-32z\"><\/path><\/svg><br \/>\n\t\t\t\t\t\t<\/summary>\n<p data-start=\"4299\" data-end=\"4401\">Ohne regelm\u00e4\u00dfige Wartung drohen h\u00f6herer Energieverbrauch, St\u00f6rungen oder sogar Totalausfall.<\/p>\n<\/details>\n<details id=\"e-n-accordion-item-2604\" >\n<summary data-accordion-index=\"5\" tabindex=\"-1\" aria-expanded=\"false\" aria-controls=\"e-n-accordion-item-2604\" >\n\t\t\t\t\t Ist die Wartung gesetzlich vorgeschrieben?<br \/>\n\t\t\t<svg aria-hidden=\"true\" viewBox=\"0 0 448 512\" xmlns=\"http:\/\/www.w3.org\/2000\/svg\"><path d=\"M416 208H32c-17.67 0-32 14.33-32 32v32c0 17.67 14.33 32 32 32h384c17.67 0 32-14.33 32-32v-32c0-17.67-14.33-32-32-32z\"><\/path><\/svg><br \/>\n\t\t\t<svg aria-hidden=\"true\" viewBox=\"0 0 448 512\" xmlns=\"http:\/\/www.w3.org\/2000\/svg\"><path d=\"M416 208H272V64c0-17.67-14.33-32-32-32h-32c-17.67 0-32 14.33-32 32v144H32c-17.67 0-32 14.33-32 32v32c0 17.67 14.33 32 32 32h144v144c0 17.67 14.33 32 32 32h32c17.67 0 32-14.33 32-32V304h144c17.67 0 32-14.33 32-32v-32c0-17.67-14.33-32-32-32z\"><\/path><\/svg><br \/>\n\t\t\t\t\t\t<\/summary>\n<p data-start=\"4453\" data-end=\"4534\">Ja, gem\u00e4\u00df \u00a7 13 GSVG ist eine regelm\u00e4\u00dfige Wartung in \u00d6sterreich verpflichtend.<\/p>\n<\/details>\n<p data-start=\"3897\" data-end=\"3961\">Mindestens einmal j\u00e4hrlich, idealerweise vor der Heizsaison.<\/p>\n<p data-start=\"4008\" data-end=\"4095\">\u00a0In der Regel dauert die Wartung etwa 45 bis 60 Minuten, abh\u00e4ngig vom Ger\u00e4tezustand.<\/p>\n<p data-start=\"4160\" data-end=\"4241\">Wir bieten transparente Fixpreise ab [z.\u202fB. 99\u202f\u20ac], inklusive Anfahrt in Wien.<\/p>\n<p data-start=\"4299\" data-end=\"4401\">Ohne regelm\u00e4\u00dfige Wartung drohen h\u00f6herer Energieverbrauch, St\u00f6rungen oder sogar Totalausfall.<\/p>\n<p data-start=\"4453\" data-end=\"4534\">Ja, gem\u00e4\u00df \u00a7 13 GSVG ist eine regelm\u00e4\u00dfige Wartung in \u00d6sterreich verpflichtend.<\/p>\n<h2>Thermenwartung f\u00e4llig? Wir sind nur einen Klick entfernt.<\/h2>\n<p>\t\t[elementor-template id=&#8221;2433&#8243;]<\/p>\n","protected":false},"excerpt":{"rendered":"Junkers Thermenwartung f\u00fcr Wien \u2013 Professionell &amp; Zuverl\u00e4ssig mit Gasger\u00e4te Kundendienst Ihre Experten f\u00fcr Junkers-Thermen in Wien Wenn Ihre Junkers-Therme nicht mehr effizient heizt, ungew\u00f6hnliche Ger\u00e4usche macht oder h\u00e4ufige St\u00f6rungen auftreten, ist es an der Zeit f\u00fcr eine fachgerechte Wartung. Bei Gasger\u00e4te Kundendienst bieten wir zuverl\u00e4ssige und professionelle Thermenwartungen in ganz Wien \u2013 schnell, transparent [&hellip;]","protected":false},"author":1,"featured_media":0,"parent":0,"menu_order":0,"comment_status":"closed","ping_status":"closed","template":"elementor_header_footer","meta":{"footnotes":""},"class_list":["post-1704","page","type-page","status-publish","hentry"],"_links":{"self":[{"href":"https:\/\/xn--gasgerte-kundendienst-b2b.at\/index.php?rest_route=\/wp\/v2\/pages\/1704","targetHints":{"allow":["GET"]}}],"collection":[{"href":"https:\/\/xn--gasgerte-kundendienst-b2b.at\/index.php?rest_route=\/wp\/v2\/pages"}],"about":[{"href":"https:\/\/xn--gasgerte-kundendienst-b2b.at\/index.php?rest_route=\/wp\/v2\/types\/page"}],"author":[{"embeddable":true,"href":"https:\/\/xn--gasgerte-kundendienst-b2b.at\/index.php?rest_route=\/wp\/v2\/users\/1"}],"replies":[{"embeddable":true,"href":"https:\/\/xn--gasgerte-kundendienst-b2b.at\/index.php?rest_route=%2Fwp%2Fv2%2Fcomments&post=1704"}],"version-history":[{"count":37,"href":"https:\/\/xn--gasgerte-kundendienst-b2b.at\/index.php?rest_route=\/wp\/v2\/pages\/1704\/revisions"}],"predecessor-version":[{"id":2539,"href":"https:\/\/xn--gasgerte-kundendienst-b2b.at\/index.php?rest_route=\/wp\/v2\/pages\/1704\/revisions\/2539"}],"wp:attachment":[{"href":"https:\/\/xn--gasgerte-kundendienst-b2b.at\/index.php?rest_route=%2Fwp%2Fv2%2Fmedia&parent=1704"}],"curies":[{"name":"wp","href":"https:\/\/api.w.org\/{rel}","templated":true}]}}