{"id":1785,"date":"2025-06-17T20:20:27","date_gmt":"2025-06-17T20:20:27","guid":{"rendered":"https:\/\/xn--gasgerte-kundendienst-b2b.at\/?page_id=1785"},"modified":"2026-01-21T15:35:51","modified_gmt":"2026-01-21T15:35:51","slug":"warmepumpen","status":"publish","type":"page","link":"https:\/\/xn--gasgerte-kundendienst-b2b.at\/?page_id=1785","title":{"rendered":"warmepumpen"},"content":{"rendered":"<h1>W\u00e4rmepumpen von Gasger\u00e4te-Kundendienst<\/h1>\n<p data-start=\"1106\" data-end=\"1445\">Sie m\u00f6chten nachhaltig heizen, Ihre Energiekosten senken und gleichzeitig einen Beitrag zum Klimaschutz leisten? Dann ist eine <strong data-start=\"1233\" data-end=\"1247\">W\u00e4rmepumpe<\/strong> genau die richtige Wahl! Gasger\u00e4te-Kundendienst bietet Ihnen innovative W\u00e4rmepumpenl\u00f6sungen f\u00fcr Einfamilienh\u00e4user, Mehrparteienh\u00e4user und gewerbliche Geb\u00e4ude \u2013 fachgerecht installiert und langfristig betreut.<\/p>\n<p data-start=\"1447\" data-end=\"1732\">Als \u00f6sterreichischer Fachbetrieb mit langj\u00e4hriger Erfahrung wissen wir genau, worauf es ankommt: hohe Effizienz, gepr\u00fcfte Qualit\u00e4t, maximale Zuverl\u00e4ssigkeit und ein Service, der \u00fcberzeugt. Lassen Sie sich jetzt unverbindlich beraten und entdecken Sie die Vorteile moderner Heiztechnik!<\/p>\n<p>\t\t\t\t\t<a href=\"tel:+43%201%204420408\"><br \/>\n\t\t\t\t\t\t\t\t\t+43 1 4420408<br \/>\n\t\t\t\t\t<\/a><br \/>\n\t\t\t\t\t\t\t\t\t\t\t\t\t\t\t<img loading=\"lazy\" decoding=\"async\" width=\"93\" height=\"42\" src=\"https:\/\/xn--gasgerte-kundendienst-b2b.at\/wp-content\/uploads\/2025\/06\/Group-1171274789.png\" alt=\"\" \/><br \/>\n\t\t\t\t\t140K+<br \/>\n\t\t\t\t\tZufriedene Kunden<br \/>\n\t\t\tJahrelange Erfahrung<br \/>\n\t\t\t\t0<br \/>\n\t\t\t\t+<br \/>\n\t\t\tKunden weltweit<br \/>\n\t\t\t\t0<br \/>\n\t\t\t\tk<\/p>\n<h4>\n\t\t\t\tInhaltsverzeichnis\t\t\t<\/h4>\n<p>\t\t\t\t\t\t\t<svg aria-hidden=\"true\" viewBox=\"0 0 448 512\" xmlns=\"http:\/\/www.w3.org\/2000\/svg\"><path d=\"M207.029 381.476L12.686 187.132c-9.373-9.373-9.373-24.569 0-33.941l22.667-22.667c9.357-9.357 24.522-9.375 33.901-.04L224 284.505l154.745-154.021c9.379-9.335 24.544-9.317 33.901.04l22.667 22.667c9.373 9.373 9.373 24.569 0 33.941L240.971 381.476c-9.373 9.372-24.569 9.372-33.942 0z\"><\/path><\/svg><br \/>\n\t\t\t\t<svg aria-hidden=\"true\" viewBox=\"0 0 448 512\" xmlns=\"http:\/\/www.w3.org\/2000\/svg\"><path d=\"M240.971 130.524l194.343 194.343c9.373 9.373 9.373 24.569 0 33.941l-22.667 22.667c-9.357 9.357-24.522 9.375-33.901.04L224 227.495 69.255 381.516c-9.379 9.335-24.544 9.317-33.901-.04l-22.667-22.667c-9.373-9.373-9.373-24.569 0-33.941L207.03 130.525c9.372-9.373 24.568-9.373 33.941-.001z\"><\/path><\/svg><br \/>\n\t\t\t\t<svg aria-hidden=\"true\" viewBox=\"0 0 1000 1000\" xmlns=\"http:\/\/www.w3.org\/2000\/svg\"><path d=\"M500 975V858C696 858 858 696 858 500S696 142 500 142 142 304 142 500H25C25 237 238 25 500 25S975 237 975 500 763 975 500 975Z\"><\/path><\/svg><br \/>\n\t\t\t\t\t\t\t\t\t\t\t\t\t\t\t<img loading=\"lazy\" decoding=\"async\" width=\"1024\" height=\"682\" src=\"https:\/\/xn--gasgerte-kundendienst-b2b.at\/wp-content\/uploads\/2025\/12\/WhatsApp-Image-2025-12-24-at-15.28.48_0dbc55bc-1024x682.jpg\" alt=\"\" srcset=\"https:\/\/xn--gasgerte-kundendienst-b2b.at\/wp-content\/uploads\/2025\/12\/WhatsApp-Image-2025-12-24-at-15.28.48_0dbc55bc-1024x682.jpg 1024w, https:\/\/xn--gasgerte-kundendienst-b2b.at\/wp-content\/uploads\/2025\/12\/WhatsApp-Image-2025-12-24-at-15.28.48_0dbc55bc-300x200.jpg 300w, https:\/\/xn--gasgerte-kundendienst-b2b.at\/wp-content\/uploads\/2025\/12\/WhatsApp-Image-2025-12-24-at-15.28.48_0dbc55bc-768x512.jpg 768w, https:\/\/xn--gasgerte-kundendienst-b2b.at\/wp-content\/uploads\/2025\/12\/WhatsApp-Image-2025-12-24-at-15.28.48_0dbc55bc-600x400.jpg 600w, https:\/\/xn--gasgerte-kundendienst-b2b.at\/wp-content\/uploads\/2025\/12\/WhatsApp-Image-2025-12-24-at-15.28.48_0dbc55bc-150x100.jpg 150w, https:\/\/xn--gasgerte-kundendienst-b2b.at\/wp-content\/uploads\/2025\/12\/WhatsApp-Image-2025-12-24-at-15.28.48_0dbc55bc.jpg 1280w\" sizes=\"auto, (max-width: 1024px) 100vw, 1024px\" \/>\t\t\t\t\t\t\t\t\t\t\t\t\t\t\t<\/p>\n<h2>\u2699\ufe0f Wie funktioniert eine W\u00e4rmepumpe eigentlich?<\/h2>\n<p data-start=\"1795\" data-end=\"2090\">Eine W\u00e4rmepumpe nutzt die in der Umwelt gespeicherte Energie \u2013 also W\u00e4rme aus der Luft, dem Erdreich oder dem Grundwasser \u2013 und wandelt diese mit Hilfe eines thermodynamischen Prozesses in Heizw\u00e4rme um. Vereinfacht gesagt funktioniert eine W\u00e4rmepumpe \u00e4hnlich wie ein K\u00fchlschrank \u2013 nur umgekehrt:<\/p>\n<ul data-start=\"2092\" data-end=\"2293\">\n<li data-start=\"2092\" data-end=\"2126\">\n<p data-start=\"2094\" data-end=\"2126\"><strong data-start=\"2094\" data-end=\"2126\">Umweltw\u00e4rme wird aufgenommen<\/strong><\/p>\n<\/li>\n<li data-start=\"2127\" data-end=\"2180\">\n<p data-start=\"2129\" data-end=\"2180\">Ein <strong data-start=\"2133\" data-end=\"2148\">K\u00e4ltemittel<\/strong> verdampft und nimmt Energie auf<\/p>\n<\/li>\n<li data-start=\"2181\" data-end=\"2238\">\n<p data-start=\"2183\" data-end=\"2238\">Ein <strong data-start=\"2187\" data-end=\"2201\">Kompressor<\/strong> erh\u00f6ht den Druck \u2192 Temperatur steigt<\/p>\n<\/li>\n<li data-start=\"2239\" data-end=\"2293\">\n<p data-start=\"2241\" data-end=\"2293\">Die gewonnene W\u00e4rme wird an das Heizsystem abgegeben<\/p>\n<\/li>\n<\/ul>\n<p data-start=\"2295\" data-end=\"2487\">Dank moderner Technik erreicht eine W\u00e4rmepumpe dabei <strong data-start=\"2348\" data-end=\"2380\">hervorragende Effizienzwerte<\/strong> \u2013 mit einem Kilowatt Strom lassen sich bis zu vier Kilowatt W\u00e4rme erzeugen. Und das ganz ohne Gas oder \u00d6l!<\/p>\n<p>\t\t\t\t\t<a href=\"tel:+43%201%204420408\"><br \/>\n\t\t\t\t<svg aria-hidden=\"true\" viewBox=\"0 0 384 512\" xmlns=\"http:\/\/www.w3.org\/2000\/svg\"><path d=\"M288 248v28c0 6.6-5.4 12-12 12H108c-6.6 0-12-5.4-12-12v-28c0-6.6 5.4-12 12-12h168c6.6 0 12 5.4 12 12zm-12 72H108c-6.6 0-12 5.4-12 12v28c0 6.6 5.4 12 12 12h168c6.6 0 12-5.4 12-12v-28c0-6.6-5.4-12-12-12zm108-188.1V464c0 26.5-21.5 48-48 48H48c-26.5 0-48-21.5-48-48V48C0 21.5 21.5 0 48 0h204.1C264.8 0 277 5.1 286 14.1L369.9 98c9 8.9 14.1 21.2 14.1 33.9zm-128-80V128h76.1L256 51.9zM336 464V176H232c-13.3 0-24-10.7-24-24V48H48v416h288z\"><\/path><\/svg><br \/>\n\t\t\t\t\t\t\t\t\tJetzt anfragen<br \/>\n\t\t\t\t\t<\/a><br \/>\n\t\t\t\t\t<a href=\"tel:+43%201%204420408\"><br \/>\n\t\t\t\t\t\t\t\t\t+43 1 4420408<br \/>\n\t\t\t\t\t<\/a><br \/>\n\t\t\t\t\t\t\t\t\t\t\t\t\t\t\t<img loading=\"lazy\" decoding=\"async\" width=\"600\" height=\"781\" src=\"https:\/\/xn--gasgerte-kundendienst-b2b.at\/wp-content\/uploads\/2021\/11\/project-7.jpg\" alt=\"\" srcset=\"https:\/\/xn--gasgerte-kundendienst-b2b.at\/wp-content\/uploads\/2021\/11\/project-7.jpg 600w, https:\/\/xn--gasgerte-kundendienst-b2b.at\/wp-content\/uploads\/2021\/11\/project-7-115x150.jpg 115w, https:\/\/xn--gasgerte-kundendienst-b2b.at\/wp-content\/uploads\/2021\/11\/project-7-230x300.jpg 230w\" sizes=\"auto, (max-width: 600px) 100vw, 600px\" \/><br \/>\n\t\t\t\t\tInstallation\t\t\t\t<\/p>\n<h2>Installation durch Gasger\u00e4te-Kundendienst:<br \/>\nFachgerecht &amp; effizient<\/h2>\n<p data-start=\"1456\" data-end=\"1630\">Der Einbau einer W\u00e4rmepumpe erfordert pr\u00e4zise Planung und kompetente Umsetzung \u2013 genau hier liegt unsere St\u00e4rke. Als erfahrener Fachbetrieb in Wien \u00fcbernimmt Gasger\u00e4te-Kundendienst:<\/p>\n<ol data-start=\"1632\" data-end=\"1885\">\n<li data-start=\"1632\" data-end=\"1677\">\n<p data-start=\"1635\" data-end=\"1677\"><strong data-start=\"1635\" data-end=\"1677\">Vor-Ort-Besichtigung &amp; Bedarfserhebung<\/strong><\/p>\n<\/li>\n<li data-start=\"1678\" data-end=\"1741\">\n<p data-start=\"1681\" data-end=\"1741\"><strong data-start=\"1681\" data-end=\"1711\">Individuelle Systemplanung<\/strong> abgestimmt auf Ihre Immobilie<\/p>\n<\/li>\n<li data-start=\"1742\" data-end=\"1810\">\n<p data-start=\"1745\" data-end=\"1810\"><strong data-start=\"1745\" data-end=\"1776\">Professionelle Installation<\/strong> mit eigenen geschulten Technikern<\/p>\n<\/li>\n<li data-start=\"1811\" data-end=\"1845\">\n<p data-start=\"1814\" data-end=\"1845\"><strong data-start=\"1814\" data-end=\"1845\">Inbetriebnahme &amp; Einweisung<\/strong><\/p>\n<\/li>\n<li data-start=\"1846\" data-end=\"1885\">\n<p data-start=\"1849\" data-end=\"1885\"><strong data-start=\"1849\" data-end=\"1885\">Einreichung der F\u00f6rderunterlagen<\/strong><\/p>\n<\/li>\n<\/ol>\n<p data-start=\"1887\" data-end=\"2116\">Ob Einfamilienhaus, Altbau oder gewerbliche Immobilie \u2013 wir sorgen f\u00fcr eine <strong data-start=\"1963\" data-end=\"2001\">reibungslos funktionierende Anlage<\/strong>, die maximal effizient arbeitet. Dabei setzen wir ausschlie\u00dflich auf gepr\u00fcfte Markenprodukte f\u00fchrender Hersteller.<\/p>\n<p>\t\t\t\t\t<a href=\"tel:+43%201%204420408\"><br \/>\n\t\t\t\t\t\t\t\t\t+43 1 4420408<br \/>\n\t\t\t\t\t<\/a><br \/>\n\t\t\t\t\t\t\t\t\t\t\t\t\t\t\t<img loading=\"lazy\" decoding=\"async\" width=\"44\" height=\"44\" src=\"https:\/\/xn--gasgerte-kundendienst-b2b.at\/wp-content\/uploads\/2025\/06\/image-94.png\" alt=\"\" \/><br \/>\n\t\t\t<meta itemprop=\"worstRating\" content=\"0\"><br \/>\n\t\t\t<meta itemprop=\"bestRating\" content=\"5\"><br \/>\n\t\t\t\t\t<svg aria-hidden=\"true\" viewBox=\"0 0 1000 1000\" xmlns=\"http:\/\/www.w3.org\/2000\/svg\"><path d=\"M450 75L338 312 88 350C46 354 25 417 58 450L238 633 196 896C188 942 238 975 275 954L500 837 725 954C767 975 813 942 804 896L763 633 942 450C975 417 954 358 913 350L663 312 550 75C529 33 471 33 450 75Z\"><\/path><\/svg><br \/>\n\t\t\t\t\t<svg aria-hidden=\"true\" viewBox=\"0 0 1000 1000\" xmlns=\"http:\/\/www.w3.org\/2000\/svg\"><path d=\"M450 75L338 312 88 350C46 354 25 417 58 450L238 633 196 896C188 942 238 975 275 954L500 837 725 954C767 975 813 942 804 896L763 633 942 450C975 417 954 358 913 350L663 312 550 75C529 33 471 33 450 75Z\"><\/path><\/svg><br \/>\n\t\t\t\t\t<svg aria-hidden=\"true\" viewBox=\"0 0 1000 1000\" xmlns=\"http:\/\/www.w3.org\/2000\/svg\"><path d=\"M450 75L338 312 88 350C46 354 25 417 58 450L238 633 196 896C188 942 238 975 275 954L500 837 725 954C767 975 813 942 804 896L763 633 942 450C975 417 954 358 913 350L663 312 550 75C529 33 471 33 450 75Z\"><\/path><\/svg><br \/>\n\t\t\t\t\t<svg aria-hidden=\"true\" viewBox=\"0 0 1000 1000\" xmlns=\"http:\/\/www.w3.org\/2000\/svg\"><path d=\"M450 75L338 312 88 350C46 354 25 417 58 450L238 633 196 896C188 942 238 975 275 954L500 837 725 954C767 975 813 942 804 896L763 633 942 450C975 417 954 358 913 350L663 312 550 75C529 33 471 33 450 75Z\"><\/path><\/svg><br \/>\n\t\t\t\t\t<svg aria-hidden=\"true\" viewBox=\"0 0 1000 1000\" xmlns=\"http:\/\/www.w3.org\/2000\/svg\"><path d=\"M450 75L338 312 88 350C46 354 25 417 58 450L238 633 196 896C188 942 238 975 275 954L500 837 725 954C767 975 813 942 804 896L763 633 942 450C975 417 954 358 913 350L663 312 550 75C529 33 471 33 450 75Z\"><\/path><\/svg><br \/>\n\t\t\t\t\t<svg aria-hidden=\"true\" viewBox=\"0 0 1000 1000\" xmlns=\"http:\/\/www.w3.org\/2000\/svg\"><path d=\"M450 75L338 312 88 350C46 354 25 417 58 450L238 633 196 896C188 942 238 975 275 954L500 837 725 954C767 975 813 942 804 896L763 633 942 450C975 417 954 358 913 350L663 312 550 75C529 33 471 33 450 75Z\"><\/path><\/svg><br \/>\n\t\t\t\t\t<svg aria-hidden=\"true\" viewBox=\"0 0 1000 1000\" xmlns=\"http:\/\/www.w3.org\/2000\/svg\"><path d=\"M450 75L338 312 88 350C46 354 25 417 58 450L238 633 196 896C188 942 238 975 275 954L500 837 725 954C767 975 813 942 804 896L763 633 942 450C975 417 954 358 913 350L663 312 550 75C529 33 471 33 450 75Z\"><\/path><\/svg><br \/>\n\t\t\t\t\t<svg aria-hidden=\"true\" viewBox=\"0 0 1000 1000\" xmlns=\"http:\/\/www.w3.org\/2000\/svg\"><path d=\"M450 75L338 312 88 350C46 354 25 417 58 450L238 633 196 896C188 942 238 975 275 954L500 837 725 954C767 975 813 942 804 896L763 633 942 450C975 417 954 358 913 350L663 312 550 75C529 33 471 33 450 75Z\"><\/path><\/svg><br \/>\n\t\t\t\t\t<svg aria-hidden=\"true\" viewBox=\"0 0 1000 1000\" xmlns=\"http:\/\/www.w3.org\/2000\/svg\"><path d=\"M450 75L338 312 88 350C46 354 25 417 58 450L238 633 196 896C188 942 238 975 275 954L500 837 725 954C767 975 813 942 804 896L763 633 942 450C975 417 954 358 913 350L663 312 550 75C529 33 471 33 450 75Z\"><\/path><\/svg><br \/>\n\t\t\t\t\t<svg aria-hidden=\"true\" viewBox=\"0 0 1000 1000\" xmlns=\"http:\/\/www.w3.org\/2000\/svg\"><path d=\"M450 75L338 312 88 350C46 354 25 417 58 450L238 633 196 896C188 942 238 975 275 954L500 837 725 954C767 975 813 942 804 896L763 633 942 450C975 417 954 358 913 350L663 312 550 75C529 33 471 33 450 75Z\"><\/path><\/svg><br \/>\n\t\t\t\t\t4.9 Google Ranking<br \/>\n\t\t\t\t\t\t\t\t\t\t\t\t\t\t\t<img loading=\"lazy\" decoding=\"async\" width=\"682\" height=\"1024\" src=\"https:\/\/xn--gasgerte-kundendienst-b2b.at\/wp-content\/uploads\/2025\/12\/WhatsApp-Image-2025-12-23-at-10.32.22-PM-682x1024.jpeg\" alt=\"\" srcset=\"https:\/\/xn--gasgerte-kundendienst-b2b.at\/wp-content\/uploads\/2025\/12\/WhatsApp-Image-2025-12-23-at-10.32.22-PM-682x1024.jpeg 682w, https:\/\/xn--gasgerte-kundendienst-b2b.at\/wp-content\/uploads\/2025\/12\/WhatsApp-Image-2025-12-23-at-10.32.22-PM-200x300.jpeg 200w, https:\/\/xn--gasgerte-kundendienst-b2b.at\/wp-content\/uploads\/2025\/12\/WhatsApp-Image-2025-12-23-at-10.32.22-PM-768x1152.jpeg 768w, https:\/\/xn--gasgerte-kundendienst-b2b.at\/wp-content\/uploads\/2025\/12\/WhatsApp-Image-2025-12-23-at-10.32.22-PM-600x900.jpeg 600w, https:\/\/xn--gasgerte-kundendienst-b2b.at\/wp-content\/uploads\/2025\/12\/WhatsApp-Image-2025-12-23-at-10.32.22-PM-100x150.jpeg 100w, https:\/\/xn--gasgerte-kundendienst-b2b.at\/wp-content\/uploads\/2025\/12\/WhatsApp-Image-2025-12-23-at-10.32.22-PM.jpeg 853w\" sizes=\"auto, (max-width: 682px) 100vw, 682px\" \/><br \/>\n\t\t\t\t\tDienstleistungen\t\t\t\t<\/p>\n<h2>Wartung &amp; Service: Damit Ihre W\u00e4rmepumpe zuverl\u00e4ssig l\u00e4uft<\/h2>\n<p data-start=\"2193\" data-end=\"2401\">Auch wenn W\u00e4rmepumpen als wartungsarm gelten, ist eine regelm\u00e4\u00dfige Kontrolle sinnvoll, um Effizienz und Lebensdauer zu erhalten. Mit dem <strong data-start=\"2330\" data-end=\"2365\">Wartungsservice von Gasger\u00e4te-Kundendienst <\/strong>bleiben Sie auf der sicheren Seite:<\/p>\n<ul data-start=\"2403\" data-end=\"2601\">\n<li data-start=\"2403\" data-end=\"2449\">\n<p data-start=\"2405\" data-end=\"2449\"><strong data-start=\"2405\" data-end=\"2449\">J\u00e4hrliche Wartung inkl. Funktionspr\u00fcfung<\/strong><\/p>\n<\/li>\n<li data-start=\"2450\" data-end=\"2496\">\n<p data-start=\"2452\" data-end=\"2496\"><strong data-start=\"2452\" data-end=\"2482\">Schneller Reparaturservice<\/strong> bei St\u00f6rungen<\/p>\n<\/li>\n<li data-start=\"2497\" data-end=\"2555\">\n<p data-start=\"2499\" data-end=\"2555\"><strong data-start=\"2499\" data-end=\"2532\">Optimierung der Einstellungen<\/strong> f\u00fcr maximale Effizienz<\/p>\n<\/li>\n<li data-start=\"2556\" data-end=\"2601\">\n<p data-start=\"2558\" data-end=\"2601\"><strong data-start=\"2558\" data-end=\"2579\">Notdienst in Wien<\/strong> \u2013 auch an Wochenenden<\/p>\n<\/li>\n<\/ul>\n<p data-start=\"2603\" data-end=\"2718\">\ud83d\udca1 Unser Servicevertrag sorgt f\u00fcr transparente Kosten und dauerhafte Betriebssicherheit \u2013 ohne b\u00f6se \u00dcberraschungen.<\/p>\n<p>\t\t\t\t\t<a href=\"tel:+43%201%204420408\"><br \/>\n\t\t\t\t\t\t\t\t\t+43 1 4420408<br \/>\n\t\t\t\t\t<\/a><br \/>\n\t\t\t\t\tWarum wir\t\t\t\t<\/p>\n<h2>Warum Gasger\u00e4te-Kundendienst der richtige Partner f\u00fcr W\u00e4rmepumpen in Wien ist<\/h2>\n<p data-start=\"2803\" data-end=\"2992\">In einer Branche mit vielen Anbietern setzt Gasger\u00e4te-Kundendienst neue Ma\u00dfst\u00e4be \u2013 durch Qualit\u00e4t, Fachkompetenz und echten Kundenservice. Warum wir der ideale Partner f\u00fcr Ihre W\u00e4rmepumpenl\u00f6sung sind:<\/p>\n<p>\t\t\t\t<svg aria-hidden=\"true\" viewBox=\"0 0 448 512\" xmlns=\"http:\/\/www.w3.org\/2000\/svg\"><path d=\"M436 160H12c-6.627 0-12-5.373-12-12v-36c0-26.51 21.49-48 48-48h48V12c0-6.627 5.373-12 12-12h40c6.627 0 12 5.373 12 12v52h128V12c0-6.627 5.373-12 12-12h40c6.627 0 12 5.373 12 12v52h48c26.51 0 48 21.49 48 48v36c0 6.627-5.373 12-12 12zM12 192h424c6.627 0 12 5.373 12 12v260c0 26.51-21.49 48-48 48H48c-26.51 0-48-21.49-48-48V204c0-6.627 5.373-12 12-12zm333.296 95.947l-28.169-28.398c-4.667-4.705-12.265-4.736-16.97-.068L194.12 364.665l-45.98-46.352c-4.667-4.705-12.266-4.736-16.971-.068l-28.397 28.17c-4.705 4.667-4.736 12.265-.068 16.97l82.601 83.269c4.667 4.705 12.265 4.736 16.97.068l142.953-141.805c4.705-4.667 4.736-12.265.068-16.97z\"><\/path><\/svg>\t\t\t\t<\/p>\n<h3>\n\t\t\t\t\t\t\tLangj\u00e4hrige Erfahrung mit W\u00e4rmepumpeninstallationen<br \/>\n\t\t\t\t\t<\/h3>\n<p>\n\t\t\t\t\t\tWir wissen, worauf es ankommt \u2013 und liefern keine Standardl\u00f6sung, sondern ein durchdachtes Gesamtkonzept.\t\t\t\t\t<\/p>\n<p>\t\t\t\t<svg aria-hidden=\"true\" viewBox=\"0 0 512 512\" xmlns=\"http:\/\/www.w3.org\/2000\/svg\"><path d=\"M448 0H64C28.7 0 0 28.7 0 64v288c0 35.3 28.7 64 64 64h96v84c0 7.1 5.8 12 12 12 2.4 0 4.9-.7 7.1-2.4L304 416h144c35.3 0 64-28.7 64-64V64c0-35.3-28.7-64-64-64zm16 352c0 8.8-7.2 16-16 16H288l-12.8 9.6L208 428v-60H64c-8.8 0-16-7.2-16-16V64c0-8.8 7.2-16 16-16h384c8.8 0 16 7.2 16 16v288z\"><\/path><\/svg>\t\t\t\t<\/p>\n<h3>\n\t\t\t\t\t\t\tBeratung ohne Verkaufsdruck<br \/>\n\t\t\t\t\t<\/h3>\n<p>\n\t\t\t\t\t\tUnser Ziel ist nicht der schnelle Abschluss, sondern die beste L\u00f6sung f\u00fcr Ihr Zuhause \u2013 ehrlich, transparent, individuell.\t\t\t\t\t<\/p>\n<p>\t\t\t\t<svg aria-hidden=\"true\" viewBox=\"0 0 496 512\" xmlns=\"http:\/\/www.w3.org\/2000\/svg\"><path d=\"M88 216c81.7 10.2 273.7 102.3 304 232H0c99.5-8.1 184.5-137 88-232zm32-152c32.3 35.6 47.7 83.9 46.4 133.6C249.3 231.3 373.7 321.3 400 448h96C455.3 231.9 222.8 79.5 120 64z\"><\/path><\/svg>\t\t\t\t<\/p>\n<h3>\n\t\t\t\t\t\t\tRegionale N\u00e4he, echter Service<br \/>\n\t\t\t\t\t<\/h3>\n<p>\n\t\t\t\t\t\tAls Fachbetrieb aus Wien kennen wir die regionalen Gegebenheiten, Vorschriften und F\u00f6rderprogramme. Unser Team ist schnell vor Ort und immer ansprechbar.\n\t\t\t\t\t<\/p>\n<p>\t\t\t\t\t<a href=\"http:\/\/+43%201%204420408\"><br \/>\n\t\t\t\t\t\t\t\t\t+43 1 4420408<br \/>\n\t\t\t\t\t<\/a><br \/>\n\t\t\t\t\t\t\t\t\t\t\t\t\t\t\t<img loading=\"lazy\" decoding=\"async\" width=\"682\" height=\"1024\" src=\"https:\/\/xn--gasgerte-kundendienst-b2b.at\/wp-content\/uploads\/2025\/12\/WhatsApp-Image-2025-12-23-at-10.29.48-PM-682x1024.jpeg\" alt=\"\" srcset=\"https:\/\/xn--gasgerte-kundendienst-b2b.at\/wp-content\/uploads\/2025\/12\/WhatsApp-Image-2025-12-23-at-10.29.48-PM-682x1024.jpeg 682w, https:\/\/xn--gasgerte-kundendienst-b2b.at\/wp-content\/uploads\/2025\/12\/WhatsApp-Image-2025-12-23-at-10.29.48-PM-200x300.jpeg 200w, https:\/\/xn--gasgerte-kundendienst-b2b.at\/wp-content\/uploads\/2025\/12\/WhatsApp-Image-2025-12-23-at-10.29.48-PM-768x1152.jpeg 768w, https:\/\/xn--gasgerte-kundendienst-b2b.at\/wp-content\/uploads\/2025\/12\/WhatsApp-Image-2025-12-23-at-10.29.48-PM-600x900.jpeg 600w, https:\/\/xn--gasgerte-kundendienst-b2b.at\/wp-content\/uploads\/2025\/12\/WhatsApp-Image-2025-12-23-at-10.29.48-PM-100x150.jpeg 100w, https:\/\/xn--gasgerte-kundendienst-b2b.at\/wp-content\/uploads\/2025\/12\/WhatsApp-Image-2025-12-23-at-10.29.48-PM.jpeg 853w\" sizes=\"auto, (max-width: 682px) 100vw, 682px\" \/>\t\t\t\t\t\t\t\t\t\t\t\t\t\t\t<\/p>\n<h2>W\u00e4rmepumpe installieren lassen \u2013 mit Gasger\u00e4te-Kundendienst<br \/>\n<\/h2>\n<article dir=\"auto\" data-testid=\"conversation-turn-27\" data-scroll-anchor=\"true\">\n<p style=\"text-align: center;\">Holen Sie sich Ihre klimafreundliche Heizung \u2013 inkl. Planung, F\u00f6rderung &amp; Montage.<\/p>\n<\/article>\n<p>\t\t\t\t\t<a href=\"http:\/\/+43%201%204420408\"><br \/>\n\t\t\t\t\t\t\t\t\t+43 1 4420408<br \/>\n\t\t\t\t\t<\/a><br \/>\n\t\t\t\t\t<a href=\"tel:+43%201%204420408\"><br \/>\n\t\t\t\t<svg aria-hidden=\"true\" viewBox=\"0 0 384 512\" xmlns=\"http:\/\/www.w3.org\/2000\/svg\"><path d=\"M288 248v28c0 6.6-5.4 12-12 12H108c-6.6 0-12-5.4-12-12v-28c0-6.6 5.4-12 12-12h168c6.6 0 12 5.4 12 12zm-12 72H108c-6.6 0-12 5.4-12 12v28c0 6.6 5.4 12 12 12h168c6.6 0 12-5.4 12-12v-28c0-6.6-5.4-12-12-12zm108-188.1V464c0 26.5-21.5 48-48 48H48c-26.5 0-48-21.5-48-48V48C0 21.5 21.5 0 48 0h204.1C264.8 0 277 5.1 286 14.1L369.9 98c9 8.9 14.1 21.2 14.1 33.9zm-128-80V128h76.1L256 51.9zM336 464V176H232c-13.3 0-24-10.7-24-24V48H48v416h288z\"><\/path><\/svg><br \/>\n\t\t\t\t\t\t\t\t\tKontakt<br \/>\n\t\t\t\t\t<\/a><\/p>\n","protected":false},"excerpt":{"rendered":"W\u00e4rmepumpen von Gasger\u00e4te-Kundendienst Sie m\u00f6chten nachhaltig heizen, Ihre Energiekosten senken und gleichzeitig einen Beitrag zum Klimaschutz leisten? Dann ist eine W\u00e4rmepumpe genau die richtige Wahl! Gasger\u00e4te-Kundendienst bietet Ihnen innovative W\u00e4rmepumpenl\u00f6sungen f\u00fcr Einfamilienh\u00e4user, Mehrparteienh\u00e4user und gewerbliche Geb\u00e4ude \u2013 fachgerecht installiert und langfristig betreut. Als \u00f6sterreichischer Fachbetrieb mit langj\u00e4hriger Erfahrung wissen wir genau, worauf es ankommt: hohe [&hellip;]","protected":false},"author":1,"featured_media":0,"parent":0,"menu_order":0,"comment_status":"closed","ping_status":"closed","template":"elementor_header_footer","meta":{"footnotes":""},"class_list":["post-1785","page","type-page","status-publish","hentry"],"_links":{"self":[{"href":"https:\/\/xn--gasgerte-kundendienst-b2b.at\/index.php?rest_route=\/wp\/v2\/pages\/1785","targetHints":{"allow":["GET"]}}],"collection":[{"href":"https:\/\/xn--gasgerte-kundendienst-b2b.at\/index.php?rest_route=\/wp\/v2\/pages"}],"about":[{"href":"https:\/\/xn--gasgerte-kundendienst-b2b.at\/index.php?rest_route=\/wp\/v2\/types\/page"}],"author":[{"embeddable":true,"href":"https:\/\/xn--gasgerte-kundendienst-b2b.at\/index.php?rest_route=\/wp\/v2\/users\/1"}],"replies":[{"embeddable":true,"href":"https:\/\/xn--gasgerte-kundendienst-b2b.at\/index.php?rest_route=%2Fwp%2Fv2%2Fcomments&post=1785"}],"version-history":[{"count":19,"href":"https:\/\/xn--gasgerte-kundendienst-b2b.at\/index.php?rest_route=\/wp\/v2\/pages\/1785\/revisions"}],"predecessor-version":[{"id":2554,"href":"https:\/\/xn--gasgerte-kundendienst-b2b.at\/index.php?rest_route=\/wp\/v2\/pages\/1785\/revisions\/2554"}],"wp:attachment":[{"href":"https:\/\/xn--gasgerte-kundendienst-b2b.at\/index.php?rest_route=%2Fwp%2Fv2%2Fmedia&parent=1785"}],"curies":[{"name":"wp","href":"https:\/\/api.w.org\/{rel}","templated":true}]}}