{"id":1793,"date":"2025-06-17T20:30:58","date_gmt":"2025-06-17T20:30:58","guid":{"rendered":"https:\/\/xn--gasgerte-kundendienst-b2b.at\/?page_id=1793"},"modified":"2026-01-21T15:32:53","modified_gmt":"2026-01-21T15:32:53","slug":"ol-heizungen","status":"publish","type":"page","link":"https:\/\/xn--gasgerte-kundendienst-b2b.at\/?page_id=1793","title":{"rendered":"\u00d6l-Heizungen"},"content":{"rendered":"<h1>\u00d6l-Heizungen in Wien<\/h1>\n<p data-start=\"1189\" data-end=\"1657\">\u00d6l-Heizungen z\u00e4hlen nach wie vor zu den meistgenutzten Heizsystemen in \u00d6sterreich \u2013 insbesondere in l\u00e4ndlichen Regionen und \u00e4lteren Geb\u00e4uden. Trotz der wachsenden Bedeutung erneuerbarer Energien bleibt die \u00d6lheizung ein zuverl\u00e4ssiges Heizsystem, das mit moderner Technik eine erstaunliche Effizienz und Komfort bieten kann. Bei Gasger\u00e4te-Kundendienst\u00a0kombinieren wir bew\u00e4hrte Heiztechnik mit zeitgem\u00e4\u00dfer Beratung, um Ihnen eine individuelle, wirtschaftliche L\u00f6sung zu bieten.<\/p>\n<p data-start=\"1659\" data-end=\"1822\">Mit jahrzehntelanger Erfahrung im Bereich Heizungsbau und -wartung sind wir Ihr kompetenter Partner f\u00fcr alle Anliegen rund um Ihre \u00d6l-Heizung in Wien und Umgebung.<\/p>\n<p>\t\t\t\t\t<a href=\"tel:+43%201%204420408\"><br \/>\n\t\t\t\t\t\t\t\t\t+43 1 4420408<br \/>\n\t\t\t\t\t<\/a><br \/>\n\t\t\t\t\t\t\t\t\t\t\t\t\t\t\t<img loading=\"lazy\" decoding=\"async\" width=\"93\" height=\"42\" src=\"https:\/\/xn--gasgerte-kundendienst-b2b.at\/wp-content\/uploads\/2025\/06\/Group-1171274789.png\" alt=\"\" \/><br \/>\n\t\t\t\t\t140K+<br \/>\n\t\t\t\t\tZufriedene Kunden<br \/>\n\t\t\tJahrelange Erfahrung<br \/>\n\t\t\t\t0<br \/>\n\t\t\t\t+<br \/>\n\t\t\tKunden weltweit<br \/>\n\t\t\t\t0<br \/>\n\t\t\t\tk<\/p>\n<h4>\n\t\t\t\tInhaltsverzeichnis\t\t\t<\/h4>\n<p>\t\t\t\t\t\t\t<svg aria-hidden=\"true\" viewBox=\"0 0 448 512\" xmlns=\"http:\/\/www.w3.org\/2000\/svg\"><path d=\"M207.029 381.476L12.686 187.132c-9.373-9.373-9.373-24.569 0-33.941l22.667-22.667c9.357-9.357 24.522-9.375 33.901-.04L224 284.505l154.745-154.021c9.379-9.335 24.544-9.317 33.901.04l22.667 22.667c9.373 9.373 9.373 24.569 0 33.941L240.971 381.476c-9.373 9.372-24.569 9.372-33.942 0z\"><\/path><\/svg><br \/>\n\t\t\t\t<svg aria-hidden=\"true\" viewBox=\"0 0 448 512\" xmlns=\"http:\/\/www.w3.org\/2000\/svg\"><path d=\"M240.971 130.524l194.343 194.343c9.373 9.373 9.373 24.569 0 33.941l-22.667 22.667c-9.357 9.357-24.522 9.375-33.901.04L224 227.495 69.255 381.516c-9.379 9.335-24.544 9.317-33.901-.04l-22.667-22.667c-9.373-9.373-9.373-24.569 0-33.941L207.03 130.525c9.372-9.373 24.568-9.373 33.941-.001z\"><\/path><\/svg><br \/>\n\t\t\t\t<svg aria-hidden=\"true\" viewBox=\"0 0 1000 1000\" xmlns=\"http:\/\/www.w3.org\/2000\/svg\"><path d=\"M500 975V858C696 858 858 696 858 500S696 142 500 142 142 304 142 500H25C25 237 238 25 500 25S975 237 975 500 763 975 500 975Z\"><\/path><\/svg><br \/>\n\t\t\t\t\t\t\t\t\t\t\t\t\t\t\t<img loading=\"lazy\" decoding=\"async\" width=\"600\" height=\"781\" src=\"https:\/\/xn--gasgerte-kundendienst-b2b.at\/wp-content\/uploads\/2021\/11\/project-7.jpg\" alt=\"\" srcset=\"https:\/\/xn--gasgerte-kundendienst-b2b.at\/wp-content\/uploads\/2021\/11\/project-7.jpg 600w, https:\/\/xn--gasgerte-kundendienst-b2b.at\/wp-content\/uploads\/2021\/11\/project-7-115x150.jpg 115w, https:\/\/xn--gasgerte-kundendienst-b2b.at\/wp-content\/uploads\/2021\/11\/project-7-230x300.jpg 230w\" sizes=\"auto, (max-width: 600px) 100vw, 600px\" \/><br \/>\n\t\t\t\t\t\u00dcber Gasger\u00e4te-Kundendienst\t\t\t\t<\/p>\n<h2>Warum moderne \u00d6l-Heizungen nach wie vor eine kluge Wahl sind<br \/>\n<\/h2>\n<p data-start=\"1899\" data-end=\"2139\">Viele Hausbesitzer fragen sich, ob sich der Betrieb einer \u00d6l-Heizung heute noch lohnt. Die Antwort lautet: Ja \u2013 sofern moderne Brennwerttechnik zum Einsatz kommt und das System regelm\u00e4\u00dfig gewartet wird. Hier einige der wichtigsten Vorteile:<\/p>\n<ul data-start=\"2141\" data-end=\"2693\">\n<li data-start=\"2141\" data-end=\"2298\">\n<p data-start=\"2143\" data-end=\"2298\">\u2705 <strong data-start=\"2145\" data-end=\"2167\">Hoher Wirkungsgrad<\/strong>: Moderne Brennwertkessel nutzen nicht nur die W\u00e4rme aus der Verbrennung, sondern auch die Abgasw\u00e4rme \u2013 das steigert die Effizienz.<\/p>\n<\/li>\n<li data-start=\"2299\" data-end=\"2426\">\n<p data-start=\"2301\" data-end=\"2426\">\u2705 <strong data-start=\"2303\" data-end=\"2333\">Unabh\u00e4ngigkeit vom Gasnetz<\/strong>: Besonders in l\u00e4ndlichen Gebieten ohne Gasanschluss ist die \u00d6l-Heizung eine flexible L\u00f6sung.<\/p>\n<\/li>\n<li data-start=\"2427\" data-end=\"2559\">\n<p data-start=\"2429\" data-end=\"2559\">\u2705 <strong data-start=\"2431\" data-end=\"2461\">Hohe Versorgungssicherheit<\/strong>: Heiz\u00f6l kann in gr\u00f6\u00dferen Mengen gelagert werden \u2013 so bleiben Sie auch in Krisenzeiten unabh\u00e4ngig.<\/p>\n<\/li>\n<li data-start=\"2560\" data-end=\"2693\">\n<p data-start=\"2562\" data-end=\"2693\">\u2705 <strong data-start=\"2564\" data-end=\"2596\">Bew\u00e4hrte Technik mit Zukunft<\/strong>: Mit schwefelarmen Heiz\u00f6len und Bio\u00f6l-Varianten wird die \u00d6lheizung zunehmend umweltfreundlicher.<\/p>\n<\/li>\n<\/ul>\n<p>\t\t\t\t\t<a href=\"tel:+43%201%204420408\"><br \/>\n\t\t\t\t<svg aria-hidden=\"true\" viewBox=\"0 0 384 512\" xmlns=\"http:\/\/www.w3.org\/2000\/svg\"><path d=\"M288 248v28c0 6.6-5.4 12-12 12H108c-6.6 0-12-5.4-12-12v-28c0-6.6 5.4-12 12-12h168c6.6 0 12 5.4 12 12zm-12 72H108c-6.6 0-12 5.4-12 12v28c0 6.6 5.4 12 12 12h168c6.6 0 12-5.4 12-12v-28c0-6.6-5.4-12-12-12zm108-188.1V464c0 26.5-21.5 48-48 48H48c-26.5 0-48-21.5-48-48V48C0 21.5 21.5 0 48 0h204.1C264.8 0 277 5.1 286 14.1L369.9 98c9 8.9 14.1 21.2 14.1 33.9zm-128-80V128h76.1L256 51.9zM336 464V176H232c-13.3 0-24-10.7-24-24V48H48v416h288z\"><\/path><\/svg><br \/>\n\t\t\t\t\t\t\t\t\tJetzt anfragen<br \/>\n\t\t\t\t\t<\/a><br \/>\n\t\t\t\t\t<a href=\"tel:+43%201%204420408\"><br \/>\n\t\t\t\t\t\t\t\t\t+43 1 4420408<br \/>\n\t\t\t\t\t<\/a><br \/>\n\t\t\t\t\t\t\t\t\t\t\t\t\t\t\t<img loading=\"lazy\" decoding=\"async\" width=\"683\" height=\"1024\" src=\"https:\/\/xn--gasgerte-kundendienst-b2b.at\/wp-content\/uploads\/2025\/06\/378eb8b1-d496-415c-9b7f-6933650efb5b-683x1024.png\" alt=\"\" srcset=\"https:\/\/xn--gasgerte-kundendienst-b2b.at\/wp-content\/uploads\/2025\/06\/378eb8b1-d496-415c-9b7f-6933650efb5b-683x1024.png 683w, https:\/\/xn--gasgerte-kundendienst-b2b.at\/wp-content\/uploads\/2025\/06\/378eb8b1-d496-415c-9b7f-6933650efb5b-200x300.png 200w, https:\/\/xn--gasgerte-kundendienst-b2b.at\/wp-content\/uploads\/2025\/06\/378eb8b1-d496-415c-9b7f-6933650efb5b-768x1152.png 768w, https:\/\/xn--gasgerte-kundendienst-b2b.at\/wp-content\/uploads\/2025\/06\/378eb8b1-d496-415c-9b7f-6933650efb5b-600x900.png 600w, https:\/\/xn--gasgerte-kundendienst-b2b.at\/wp-content\/uploads\/2025\/06\/378eb8b1-d496-415c-9b7f-6933650efb5b-100x150.png 100w, https:\/\/xn--gasgerte-kundendienst-b2b.at\/wp-content\/uploads\/2025\/06\/378eb8b1-d496-415c-9b7f-6933650efb5b.png 1024w\" sizes=\"auto, (max-width: 683px) 100vw, 683px\" \/><br \/>\n\t\t\t\t\tWartungs-Vorteile\t\t\t\t<\/p>\n<h2>Wann lohnt sich eine \u00d6l-Heizung besonders?<br \/>\n<\/h2>\n<p data-start=\"2752\" data-end=\"2802\">\u00d6l-Heizsysteme sind besonders dann sinnvoll, wenn:<\/p>\n<ul data-start=\"2804\" data-end=\"3145\">\n<li data-start=\"2804\" data-end=\"2912\">\n<p data-start=\"2806\" data-end=\"2912\">\ud83d\udd27 Sie ein bestehendes System modernisieren m\u00f6chten, ohne auf eine v\u00f6llig neue Energiequelle umzusteigen<\/p>\n<\/li>\n<li data-start=\"2913\" data-end=\"2959\">\n<p data-start=\"2915\" data-end=\"2959\">\ud83c\udfe1 Ihr Geb\u00e4ude keinen Gasanschluss besitzt<\/p>\n<\/li>\n<li data-start=\"2960\" data-end=\"3038\">\n<p data-start=\"2962\" data-end=\"3038\">\ud83d\udcb0 Sie von einem attraktiven Preis-Leistungs-Verh\u00e4ltnis profitieren wollen<\/p>\n<\/li>\n<li data-start=\"3039\" data-end=\"3145\">\n<p data-start=\"3041\" data-end=\"3145\">\ud83c\udf0d Sie Wert auf Versorgungssicherheit legen, unabh\u00e4ngig von kurzfristigen Markt- oder Netzschwankungen<\/p>\n<\/li>\n<\/ul>\n<p data-start=\"3147\" data-end=\"3349\">Besonders \u00e4ltere Einfamilienh\u00e4user in Wien und Nieder\u00f6sterreich, die bereits mit \u00d6l beheizt wurden, lassen sich durch eine Modernisierung effizient und kostensparend betreiben \u2013 oft ohne teure Umbauten.<\/p>\n<p>\t\t\t\t\t<a href=\"tel:+43%201%204420408\"><br \/>\n\t\t\t\t\t\t\t\t\t+43 1 4420408<br \/>\n\t\t\t\t\t<\/a><br \/>\n\t\t\t\t\t\t\t\t\t\t\t\t\t\t\t<img loading=\"lazy\" decoding=\"async\" width=\"44\" height=\"44\" src=\"https:\/\/xn--gasgerte-kundendienst-b2b.at\/wp-content\/uploads\/2025\/06\/image-94.png\" alt=\"\" \/><br \/>\n\t\t\t<meta itemprop=\"worstRating\" content=\"0\"><br \/>\n\t\t\t<meta itemprop=\"bestRating\" content=\"5\"><br \/>\n\t\t\t\t\t<svg aria-hidden=\"true\" viewBox=\"0 0 1000 1000\" xmlns=\"http:\/\/www.w3.org\/2000\/svg\"><path d=\"M450 75L338 312 88 350C46 354 25 417 58 450L238 633 196 896C188 942 238 975 275 954L500 837 725 954C767 975 813 942 804 896L763 633 942 450C975 417 954 358 913 350L663 312 550 75C529 33 471 33 450 75Z\"><\/path><\/svg><br \/>\n\t\t\t\t\t<svg aria-hidden=\"true\" viewBox=\"0 0 1000 1000\" xmlns=\"http:\/\/www.w3.org\/2000\/svg\"><path d=\"M450 75L338 312 88 350C46 354 25 417 58 450L238 633 196 896C188 942 238 975 275 954L500 837 725 954C767 975 813 942 804 896L763 633 942 450C975 417 954 358 913 350L663 312 550 75C529 33 471 33 450 75Z\"><\/path><\/svg><br \/>\n\t\t\t\t\t<svg aria-hidden=\"true\" viewBox=\"0 0 1000 1000\" xmlns=\"http:\/\/www.w3.org\/2000\/svg\"><path d=\"M450 75L338 312 88 350C46 354 25 417 58 450L238 633 196 896C188 942 238 975 275 954L500 837 725 954C767 975 813 942 804 896L763 633 942 450C975 417 954 358 913 350L663 312 550 75C529 33 471 33 450 75Z\"><\/path><\/svg><br \/>\n\t\t\t\t\t<svg aria-hidden=\"true\" viewBox=\"0 0 1000 1000\" xmlns=\"http:\/\/www.w3.org\/2000\/svg\"><path d=\"M450 75L338 312 88 350C46 354 25 417 58 450L238 633 196 896C188 942 238 975 275 954L500 837 725 954C767 975 813 942 804 896L763 633 942 450C975 417 954 358 913 350L663 312 550 75C529 33 471 33 450 75Z\"><\/path><\/svg><br \/>\n\t\t\t\t\t<svg aria-hidden=\"true\" viewBox=\"0 0 1000 1000\" xmlns=\"http:\/\/www.w3.org\/2000\/svg\"><path d=\"M450 75L338 312 88 350C46 354 25 417 58 450L238 633 196 896C188 942 238 975 275 954L500 837 725 954C767 975 813 942 804 896L763 633 942 450C975 417 954 358 913 350L663 312 550 75C529 33 471 33 450 75Z\"><\/path><\/svg><br \/>\n\t\t\t\t\t<svg aria-hidden=\"true\" viewBox=\"0 0 1000 1000\" xmlns=\"http:\/\/www.w3.org\/2000\/svg\"><path d=\"M450 75L338 312 88 350C46 354 25 417 58 450L238 633 196 896C188 942 238 975 275 954L500 837 725 954C767 975 813 942 804 896L763 633 942 450C975 417 954 358 913 350L663 312 550 75C529 33 471 33 450 75Z\"><\/path><\/svg><br \/>\n\t\t\t\t\t<svg aria-hidden=\"true\" viewBox=\"0 0 1000 1000\" xmlns=\"http:\/\/www.w3.org\/2000\/svg\"><path d=\"M450 75L338 312 88 350C46 354 25 417 58 450L238 633 196 896C188 942 238 975 275 954L500 837 725 954C767 975 813 942 804 896L763 633 942 450C975 417 954 358 913 350L663 312 550 75C529 33 471 33 450 75Z\"><\/path><\/svg><br \/>\n\t\t\t\t\t<svg aria-hidden=\"true\" viewBox=\"0 0 1000 1000\" xmlns=\"http:\/\/www.w3.org\/2000\/svg\"><path d=\"M450 75L338 312 88 350C46 354 25 417 58 450L238 633 196 896C188 942 238 975 275 954L500 837 725 954C767 975 813 942 804 896L763 633 942 450C975 417 954 358 913 350L663 312 550 75C529 33 471 33 450 75Z\"><\/path><\/svg><br \/>\n\t\t\t\t\t<svg aria-hidden=\"true\" viewBox=\"0 0 1000 1000\" xmlns=\"http:\/\/www.w3.org\/2000\/svg\"><path d=\"M450 75L338 312 88 350C46 354 25 417 58 450L238 633 196 896C188 942 238 975 275 954L500 837 725 954C767 975 813 942 804 896L763 633 942 450C975 417 954 358 913 350L663 312 550 75C529 33 471 33 450 75Z\"><\/path><\/svg><br \/>\n\t\t\t\t\t<svg aria-hidden=\"true\" viewBox=\"0 0 1000 1000\" xmlns=\"http:\/\/www.w3.org\/2000\/svg\"><path d=\"M450 75L338 312 88 350C46 354 25 417 58 450L238 633 196 896C188 942 238 975 275 954L500 837 725 954C767 975 813 942 804 896L763 633 942 450C975 417 954 358 913 350L663 312 550 75C529 33 471 33 450 75Z\"><\/path><\/svg><br \/>\n\t\t\t\t\t4.9 Google Ranking<br \/>\n\t\t\t\t\tAlle Marken\t\t\t\t<\/p>\n<h2>Unsere Leistungen f\u00fcr Ihre \u00d6l-Heizung \u2013 alles aus einer Hand<\/h2>\n<p data-start=\"3426\" data-end=\"3511\">Als Full-Service-Anbieter in Wien bieten wir Ihnen ein umfassendes Leistungsspektrum:<\/p>\n<p>\t\t\t\t<svg aria-hidden=\"true\" viewBox=\"0 0 512 512\" xmlns=\"http:\/\/www.w3.org\/2000\/svg\"><path d=\"M494.2 221.9l-59.8-40.5 13.7-71c2.6-13.2-1.6-26.8-11.1-36.4-9.6-9.5-23.2-13.7-36.2-11.1l-70.9 13.7-40.4-59.9c-15.1-22.3-51.9-22.3-67 0l-40.4 59.9-70.8-13.7C98 60.4 84.5 64.5 75 74.1c-9.5 9.6-13.7 23.1-11.1 36.3l13.7 71-59.8 40.5C6.6 229.5 0 242 0 255.5s6.7 26 17.8 33.5l59.8 40.5-13.7 71c-2.6 13.2 1.6 26.8 11.1 36.3 9.5 9.5 22.9 13.7 36.3 11.1l70.8-13.7 40.4 59.9C230 505.3 242.6 512 256 512s26-6.7 33.5-17.8l40.4-59.9 70.9 13.7c13.4 2.7 26.8-1.6 36.3-11.1 9.5-9.5 13.6-23.1 11.1-36.3l-13.7-71 59.8-40.5c11.1-7.5 17.8-20.1 17.8-33.5-.1-13.6-6.7-26.1-17.9-33.7zm-112.9 85.6l17.6 91.2-91-17.6L256 458l-51.9-77-90.9 17.6 17.6-91.2-76.8-52 76.8-52-17.6-91.2 91 17.6L256 53l51.9 76.9 91-17.6-17.6 91.1 76.8 52-76.8 52.1zM256 152c-57.3 0-104 46.7-104 104s46.7 104 104 104 104-46.7 104-104-46.7-104-104-104zm0 160c-30.9 0-56-25.1-56-56s25.1-56 56-56 56 25.1 56 56-25.1 56-56 56z\"><\/path><\/svg>\t\t\t\t<\/p>\n<h3>\n\t\t\t\t\t\t\tWartung Ihrer \u00d6l-Heizung<br \/>\n\t\t\t\t\t<\/h3>\n<p>\n\t\t\t\t\t\tRegelm\u00e4\u00dfige Wartung verl\u00e4ngert nicht nur die Lebensdauer Ihrer Anlage, sondern senkt auch den \u00d6lverbrauch. Unsere geschulten Techniker pr\u00fcfen Brenner, Kessel, Regelung und Sicherheitseinrichtungen \u2013 schnell, gr\u00fcndlich und zuverl\u00e4ssig.\t\t\t\t\t<\/p>\n<p>\t\t\t\t<svg aria-hidden=\"true\" viewBox=\"0 0 512 512\" xmlns=\"http:\/\/www.w3.org\/2000\/svg\"><path d=\"M320 336c0 8.84-7.16 16-16 16h-96c-8.84 0-16-7.16-16-16v-48H0v144c0 25.6 22.4 48 48 48h416c25.6 0 48-22.4 48-48V288H320v48zm144-208h-80V80c0-25.6-22.4-48-48-48H176c-25.6 0-48 22.4-48 48v48H48c-25.6 0-48 22.4-48 48v80h512v-80c0-25.6-22.4-48-48-48zm-144 0H192V96h128v32z\"><\/path><\/svg>\t\t\t\t<\/p>\n<h3>\n\t\t\t\t\t\t\tSt\u00f6rungsbehebung &amp; Notdienst<br \/>\n\t\t\t\t\t<\/h3>\n<p>\n\t\t\t\t\t\tIm Fall einer St\u00f6rung sind wir f\u00fcr Sie da. Unser Heizungs-Notdienst ist in Wien und Umgebung rund um die Uhr erreichbar \u2013 auch an Wochenenden und Feiertagen.\n\t\t\t\t\t<\/p>\n<p>\t\t\t\t<svg aria-hidden=\"true\" viewBox=\"0 0 640 512\" xmlns=\"http:\/\/www.w3.org\/2000\/svg\"><path d=\"M634.92 462.7l-288-448C341.03 5.54 330.89 0 320 0s-21.03 5.54-26.92 14.7l-288 448a32.001 32.001 0 0 0-1.17 32.64A32.004 32.004 0 0 0 32 512h576c11.71 0 22.48-6.39 28.09-16.67a31.983 31.983 0 0 0-1.17-32.63zM320 91.18L405.39 224H320l-64 64-38.06-38.06L320 91.18z\"><\/path><\/svg>\t\t\t\t<\/p>\n<h3>\n\t\t\t\t\t\t\tAustausch &amp; Modernisierung<br \/>\n\t\t\t\t\t<\/h3>\n<p>\n\t\t\t\t\t\tSie denken \u00fcber einen neuen Brennwertkessel nach oder m\u00f6chten Ihre alte Anlage effizienter machen? Wir beraten Sie transparent, erstellen ein individuelles Angebot und k\u00fcmmern uns um den kompletten Austausch \u2013 inkl. Entsorgung der Altanlage.\t\t\t\t\t<\/p>\n<p>\t\t\t\t\t<a href=\"tel:+43%201%204420408\"><br \/>\n\t\t\t\t\t\t\t\t\t+43 1 4420408<br \/>\n\t\t\t\t\t<\/a><br \/>\n\t\t\t\t\t\t\t\t\t\t\t\t\t\t\t<img loading=\"lazy\" decoding=\"async\" width=\"682\" height=\"1024\" src=\"https:\/\/xn--gasgerte-kundendienst-b2b.at\/wp-content\/uploads\/2025\/12\/WhatsApp-Image-2025-12-23-at-10.29.48-PM-682x1024.jpeg\" alt=\"\" srcset=\"https:\/\/xn--gasgerte-kundendienst-b2b.at\/wp-content\/uploads\/2025\/12\/WhatsApp-Image-2025-12-23-at-10.29.48-PM-682x1024.jpeg 682w, https:\/\/xn--gasgerte-kundendienst-b2b.at\/wp-content\/uploads\/2025\/12\/WhatsApp-Image-2025-12-23-at-10.29.48-PM-200x300.jpeg 200w, https:\/\/xn--gasgerte-kundendienst-b2b.at\/wp-content\/uploads\/2025\/12\/WhatsApp-Image-2025-12-23-at-10.29.48-PM-768x1152.jpeg 768w, https:\/\/xn--gasgerte-kundendienst-b2b.at\/wp-content\/uploads\/2025\/12\/WhatsApp-Image-2025-12-23-at-10.29.48-PM-600x900.jpeg 600w, https:\/\/xn--gasgerte-kundendienst-b2b.at\/wp-content\/uploads\/2025\/12\/WhatsApp-Image-2025-12-23-at-10.29.48-PM-100x150.jpeg 100w, https:\/\/xn--gasgerte-kundendienst-b2b.at\/wp-content\/uploads\/2025\/12\/WhatsApp-Image-2025-12-23-at-10.29.48-PM.jpeg 853w\" sizes=\"auto, (max-width: 682px) 100vw, 682px\" \/>\t\t\t\t\t\t\t\t\t\t\t\t\t\t\t<\/p>\n<h2>Jetzt kostenlos beraten lassen!<\/h2>\n<article dir=\"auto\" data-testid=\"conversation-turn-27\" data-scroll-anchor=\"true\">\n<p data-start=\"4478\" data-end=\"4699\">Nutzen Sie unser Kontaktformular oder rufen Sie uns direkt an. Unsere Experten helfen Ihnen gerne weiter \u2013 schnell, ehrlich und fachkundig.<\/p>\n<\/article>\n<p>\t\t\t\t\t<a href=\"tel:+43%201%204420408\"><br \/>\n\t\t\t\t\t\t\t\t\t+43 1 4420408<br \/>\n\t\t\t\t\t<\/a><br \/>\n\t\t\t\t\t<a href=\"#\"><br \/>\n\t\t\t\t<svg aria-hidden=\"true\" viewBox=\"0 0 384 512\" xmlns=\"http:\/\/www.w3.org\/2000\/svg\"><path d=\"M288 248v28c0 6.6-5.4 12-12 12H108c-6.6 0-12-5.4-12-12v-28c0-6.6 5.4-12 12-12h168c6.6 0 12 5.4 12 12zm-12 72H108c-6.6 0-12 5.4-12 12v28c0 6.6 5.4 12 12 12h168c6.6 0 12-5.4 12-12v-28c0-6.6-5.4-12-12-12zm108-188.1V464c0 26.5-21.5 48-48 48H48c-26.5 0-48-21.5-48-48V48C0 21.5 21.5 0 48 0h204.1C264.8 0 277 5.1 286 14.1L369.9 98c9 8.9 14.1 21.2 14.1 33.9zm-128-80V128h76.1L256 51.9zM336 464V176H232c-13.3 0-24-10.7-24-24V48H48v416h288z\"><\/path><\/svg><br \/>\n\t\t\t\t\t\t\t\t\tKontakt<br \/>\n\t\t\t\t\t<\/a><\/p>\n","protected":false},"excerpt":{"rendered":"\u00d6l-Heizungen in Wien \u00d6l-Heizungen z\u00e4hlen nach wie vor zu den meistgenutzten Heizsystemen in \u00d6sterreich \u2013 insbesondere in l\u00e4ndlichen Regionen und \u00e4lteren Geb\u00e4uden. Trotz der wachsenden Bedeutung erneuerbarer Energien bleibt die \u00d6lheizung ein zuverl\u00e4ssiges Heizsystem, das mit moderner Technik eine erstaunliche Effizienz und Komfort bieten kann. Bei Gasger\u00e4te-Kundendienst\u00a0kombinieren wir bew\u00e4hrte Heiztechnik mit zeitgem\u00e4\u00dfer Beratung, um Ihnen [&hellip;]","protected":false},"author":1,"featured_media":0,"parent":0,"menu_order":0,"comment_status":"closed","ping_status":"closed","template":"elementor_header_footer","meta":{"footnotes":""},"class_list":["post-1793","page","type-page","status-publish","hentry"],"_links":{"self":[{"href":"https:\/\/xn--gasgerte-kundendienst-b2b.at\/index.php?rest_route=\/wp\/v2\/pages\/1793","targetHints":{"allow":["GET"]}}],"collection":[{"href":"https:\/\/xn--gasgerte-kundendienst-b2b.at\/index.php?rest_route=\/wp\/v2\/pages"}],"about":[{"href":"https:\/\/xn--gasgerte-kundendienst-b2b.at\/index.php?rest_route=\/wp\/v2\/types\/page"}],"author":[{"embeddable":true,"href":"https:\/\/xn--gasgerte-kundendienst-b2b.at\/index.php?rest_route=\/wp\/v2\/users\/1"}],"replies":[{"embeddable":true,"href":"https:\/\/xn--gasgerte-kundendienst-b2b.at\/index.php?rest_route=%2Fwp%2Fv2%2Fcomments&post=1793"}],"version-history":[{"count":28,"href":"https:\/\/xn--gasgerte-kundendienst-b2b.at\/index.php?rest_route=\/wp\/v2\/pages\/1793\/revisions"}],"predecessor-version":[{"id":2550,"href":"https:\/\/xn--gasgerte-kundendienst-b2b.at\/index.php?rest_route=\/wp\/v2\/pages\/1793\/revisions\/2550"}],"wp:attachment":[{"href":"https:\/\/xn--gasgerte-kundendienst-b2b.at\/index.php?rest_route=%2Fwp%2Fv2%2Fmedia&parent=1793"}],"curies":[{"name":"wp","href":"https:\/\/api.w.org\/{rel}","templated":true}]}}