{"id":1800,"date":"2025-06-17T20:35:15","date_gmt":"2025-06-17T20:35:15","guid":{"rendered":"https:\/\/xn--gasgerte-kundendienst-b2b.at\/?page_id=1800"},"modified":"2026-01-21T15:37:57","modified_gmt":"2026-01-21T15:37:57","slug":"unsere-preisliste","status":"publish","type":"page","link":"https:\/\/xn--gasgerte-kundendienst-b2b.at\/?page_id=1800","title":{"rendered":"Unsere Preisliste"},"content":{"rendered":"<h1>Unsere Preisliste<br \/>\n<\/h1>\n<p data-start=\"213\" data-end=\"416\"><strong data-start=\"213\" data-end=\"245\">Transparente Kostenstruktur!<\/strong> Unsere aktuelle Preisliste verschafft Ihnen einen \u00fcbersichtlichen Einblick in unsere <strong data-start=\"331\" data-end=\"378\">fair kalkulierten und marktgerechten Preise<\/strong> f\u00fcr s\u00e4mtliche angebotenen Leistungen.<\/p>\n<p data-start=\"418\" data-end=\"501\">Unser Einsatzgebiet umfasst <strong data-start=\"446\" data-end=\"500\">Wien sowie das Umland im Umkreis von bis zu 100\u202fkm<\/strong>.<\/p>\n<p>\t\t\t\t\t<a href=\"tel:+43%201%204420408\"><br \/>\n\t\t\t\t\t\t\t\t\t+43 1 4420408<br \/>\n\t\t\t\t\t<\/a><br \/>\n\t\t\t\t\t\t\t\t\t\t\t\t\t\t\t<img loading=\"lazy\" decoding=\"async\" width=\"93\" height=\"42\" src=\"https:\/\/xn--gasgerte-kundendienst-b2b.at\/wp-content\/uploads\/2025\/06\/Group-1171274789.png\" alt=\"\" \/><br \/>\n\t\t\t\t\t140K+<br \/>\n\t\t\t\t\tZufriedene Kunden<br \/>\n\t\t\tJahrelange Erfahrung<br \/>\n\t\t\t\t0<br \/>\n\t\t\t\t+<br \/>\n\t\t\tKunden weltweit<br \/>\n\t\t\t\t0<br \/>\n\t\t\t\tk<\/p>\n<h2>\ud83d\udd52 Unsere Arbeitszeiten &amp; Stundens\u00e4tze<\/h2>\n<h3>Regul\u00e4re Einsatzzeiten (Montag\u2013Donnerstag, 08:00\u201317:00 Uhr)<\/h3>\n<h3>\u00bd Stunde (Monteur + Helfer):<\/h3>\n<p>\u20ac\u202f55,00 netto + 20\u202f% MwSt (\u20ac\u202f11,00) = \u20ac\u202f66,00 brutto<\/p>\n<h3>\u2022\t1 Stunde (Monteur + Helfer):<\/h3>\n<p>\u20ac\u202f110,00 netto + 20\u202f% MwSt (\u20ac\u202f22,00) = \u20ac\u202f132,00 brutto<\/p>\n<h3>Abendtarif (Montag\u2013Donnerstag, 17:00\u201320:00 Uhr)<\/h3>\n<h3>\ud83d\udd54 50\u202f% Zuschlag auf den Normaltarif<\/h3>\n<p>\u00bd Stunde: \u20ac\u202f82,50 netto + 20\u202f% MwSt = \u20ac\u202f99,00 brutto<\/p>\n<h3>\ud83d\udd54 50\u202f% Zuschlag auf den Normaltarif<\/h3>\n<p>1 Stunde: \u20ac\u202f165,00 netto + 20\u202f% MwSt = \u20ac\u202f198,00 brutto<\/p>\n<h3>Nacht- &amp; Feiertagstarif (Montag\u2013Donnerstag, 20:00\u201308:00 Uhr sowie an Sonn- und Feiertagen)<\/h3>\n<h3>\ud83c\udf19 100\u202f% Zuschlag auf den Normaltarif<\/h3>\n<p>\u00bd Stunde: \u20ac\u202f110,00 netto + 20\u202f% MwSt = \u20ac\u202f132,00 brutto<\/p>\n<h3>\ud83c\udf19 100\u202f% Zuschlag auf den Normaltarif<\/h3>\n<p>1 Stunde: \u20ac\u202f220,00 netto + 20\u202f% MwSt = \u20ac\u202f264,00 brutto<\/p>\n<h3>Freitagstarife<\/h3>\n<p>13:00\u201320:00 Uhr: 50\u202f% Zuschlag<\/p>\n<h3>Freitagstarife<\/h3>\n<p>ab 20:00 Uhr: 100\u202f% Zuschlag<\/p>\n<h3>Samstagstarife<\/h3>\n<p>08:00\u201317:00 Uhr: 50\u202f% Zuschlag<\/p>\n<h3>Samstagstarife<\/h3>\n<p>ab 17:00 Uhr: 100\u202f% Zuschlag<\/p>\n<h3>\ud83d\ude97 Anfahrtspauschalen (Wegzeit)<\/h3>\n<h4>Innerhalb Wiens<\/h4>\n<h3>Standardtarif (08:00\u201317:00 Uhr):<\/h3>\n<p>\u20ac\u202f55,00 netto + 20\u202f% MwSt = \u20ac\u202f66,00 brutto<\/p>\n<h3>Abendtarif (17:00\u201320:00 Uhr \/ 50\u202f% Zuschlag):<\/h3>\n<p>\u20ac\u202f82,50 netto + 20\u202f% MwSt = \u20ac\u202f99,00 brutto<\/p>\n<h3>Nacht-\/Feiertagstarif (ab 20:00 Uhr \/ 100\u202f% Zuschlag):<\/h3>\n<p>\u20ac\u202f110,00 netto + 20\u202f% MwSt = \u20ac\u202f132,00 brutto<\/p>\n<h3>Wiener Umland (bis 50\u202fkm)<\/h3>\n<p>Standardtarif: \u20ac\u202f70,00 netto + 20\u202f% MwSt = \u20ac\u202f84,00 brutto<\/p>\n<h3>Wiener Umland (bis 50\u202fkm)<\/h3>\n<p>50\u202f% Zuschlag: \u20ac\u202f105,00 netto + 20\u202f% MwSt = \u20ac\u202f126,00 brutto<\/p>\n<h3>Wiener Umland (bis 50\u202fkm)<\/h3>\n<p>100\u202f% Zuschlag: \u20ac\u202f140,00 netto + 20\u202f% MwSt = \u20ac\u202f168,00 brutto<\/p>\n<h4>\ud83d\udccc Hinweis: Bei Anfahrten \u00fcber 50\u202fkm Entfernung wird die Wegzeit als regul\u00e4re Arbeitszeit berechnet.<\/h4>\n<h2>\ud83d\udd27 Pauschalpreise f\u00fcr Wartungsleistungen<\/h2>\n<h3>Thermenwartung (inkl. Funktionspr\u00fcfung):<\/h3>\n<p>\u20ac\u202f120,00 netto + 20\u202f% MwSt = \u20ac\u202f144,00 brutto<\/p>\n<h3>Thermenwartung inkl. Abgasmessung:<\/h3>\n<p>\u20ac\u202f165,00 netto + 20\u202f% MwSt = \u20ac\u202f198,00 brutto<\/p>\n<h3>Wartung von Durchlauferhitzern:<\/h3>\n<p>\u20ac\u202f90,00 netto + 20\u202f% MwSt = \u20ac\u202f108,00 brutto<\/p>\n<p>\t\t\t\t\t\t\t\t\t\t\t\t\t\t\t<img loading=\"lazy\" decoding=\"async\" width=\"44\" height=\"44\" src=\"https:\/\/xn--gasgerte-kundendienst-b2b.at\/wp-content\/uploads\/2025\/06\/image-94.png\" alt=\"\" \/><br \/>\n\t\t\t<meta itemprop=\"worstRating\" content=\"0\"><br \/>\n\t\t\t<meta itemprop=\"bestRating\" content=\"5\"><br \/>\n\t\t\t\t\t<svg aria-hidden=\"true\" viewBox=\"0 0 1000 1000\" xmlns=\"http:\/\/www.w3.org\/2000\/svg\"><path d=\"M450 75L338 312 88 350C46 354 25 417 58 450L238 633 196 896C188 942 238 975 275 954L500 837 725 954C767 975 813 942 804 896L763 633 942 450C975 417 954 358 913 350L663 312 550 75C529 33 471 33 450 75Z\"><\/path><\/svg><br \/>\n\t\t\t\t\t<svg aria-hidden=\"true\" viewBox=\"0 0 1000 1000\" xmlns=\"http:\/\/www.w3.org\/2000\/svg\"><path d=\"M450 75L338 312 88 350C46 354 25 417 58 450L238 633 196 896C188 942 238 975 275 954L500 837 725 954C767 975 813 942 804 896L763 633 942 450C975 417 954 358 913 350L663 312 550 75C529 33 471 33 450 75Z\"><\/path><\/svg><br \/>\n\t\t\t\t\t<svg aria-hidden=\"true\" viewBox=\"0 0 1000 1000\" xmlns=\"http:\/\/www.w3.org\/2000\/svg\"><path d=\"M450 75L338 312 88 350C46 354 25 417 58 450L238 633 196 896C188 942 238 975 275 954L500 837 725 954C767 975 813 942 804 896L763 633 942 450C975 417 954 358 913 350L663 312 550 75C529 33 471 33 450 75Z\"><\/path><\/svg><br \/>\n\t\t\t\t\t<svg aria-hidden=\"true\" viewBox=\"0 0 1000 1000\" xmlns=\"http:\/\/www.w3.org\/2000\/svg\"><path d=\"M450 75L338 312 88 350C46 354 25 417 58 450L238 633 196 896C188 942 238 975 275 954L500 837 725 954C767 975 813 942 804 896L763 633 942 450C975 417 954 358 913 350L663 312 550 75C529 33 471 33 450 75Z\"><\/path><\/svg><br \/>\n\t\t\t\t\t<svg aria-hidden=\"true\" viewBox=\"0 0 1000 1000\" xmlns=\"http:\/\/www.w3.org\/2000\/svg\"><path d=\"M450 75L338 312 88 350C46 354 25 417 58 450L238 633 196 896C188 942 238 975 275 954L500 837 725 954C767 975 813 942 804 896L763 633 942 450C975 417 954 358 913 350L663 312 550 75C529 33 471 33 450 75Z\"><\/path><\/svg><br \/>\n\t\t\t\t\t<svg aria-hidden=\"true\" viewBox=\"0 0 1000 1000\" xmlns=\"http:\/\/www.w3.org\/2000\/svg\"><path d=\"M450 75L338 312 88 350C46 354 25 417 58 450L238 633 196 896C188 942 238 975 275 954L500 837 725 954C767 975 813 942 804 896L763 633 942 450C975 417 954 358 913 350L663 312 550 75C529 33 471 33 450 75Z\"><\/path><\/svg><br \/>\n\t\t\t\t\t<svg aria-hidden=\"true\" viewBox=\"0 0 1000 1000\" xmlns=\"http:\/\/www.w3.org\/2000\/svg\"><path d=\"M450 75L338 312 88 350C46 354 25 417 58 450L238 633 196 896C188 942 238 975 275 954L500 837 725 954C767 975 813 942 804 896L763 633 942 450C975 417 954 358 913 350L663 312 550 75C529 33 471 33 450 75Z\"><\/path><\/svg><br \/>\n\t\t\t\t\t<svg aria-hidden=\"true\" viewBox=\"0 0 1000 1000\" xmlns=\"http:\/\/www.w3.org\/2000\/svg\"><path d=\"M450 75L338 312 88 350C46 354 25 417 58 450L238 633 196 896C188 942 238 975 275 954L500 837 725 954C767 975 813 942 804 896L763 633 942 450C975 417 954 358 913 350L663 312 550 75C529 33 471 33 450 75Z\"><\/path><\/svg><br \/>\n\t\t\t\t\t<svg aria-hidden=\"true\" viewBox=\"0 0 1000 1000\" xmlns=\"http:\/\/www.w3.org\/2000\/svg\"><path d=\"M450 75L338 312 88 350C46 354 25 417 58 450L238 633 196 896C188 942 238 975 275 954L500 837 725 954C767 975 813 942 804 896L763 633 942 450C975 417 954 358 913 350L663 312 550 75C529 33 471 33 450 75Z\"><\/path><\/svg><br \/>\n\t\t\t\t\t<svg aria-hidden=\"true\" viewBox=\"0 0 1000 1000\" xmlns=\"http:\/\/www.w3.org\/2000\/svg\"><path d=\"M450 75L338 312 88 350C46 354 25 417 58 450L238 633 196 896C188 942 238 975 275 954L500 837 725 954C767 975 813 942 804 896L763 633 942 450C975 417 954 358 913 350L663 312 550 75C529 33 471 33 450 75Z\"><\/path><\/svg><br \/>\n\t\t\t\t\t4.9 Google Ranking<br \/>\n\t\t\t\t\tVerfahren\t\t\t\t<\/p>\n<h2>Ablauf \u2013 Mit Gasger\u00e4te-Kundendienst<br \/>\n<\/h2>\n<p data-start=\"555\" data-end=\"662\"><strong data-start=\"555\" data-end=\"587\">Zuverl\u00e4ssig &amp; unkompliziert!<\/strong> So gestalten wir die Zusammenarbeit f\u00fcr Sie effizient und nachvollziehbar:<\/p>\n<p>\t\t\t\t<svg aria-hidden=\"true\" viewBox=\"0 0 576 512\" xmlns=\"http:\/\/www.w3.org\/2000\/svg\"><path d=\"M532 386.2c27.5-27.1 44-61.1 44-98.2 0-80-76.5-146.1-176.2-157.9C368.3 72.5 294.3 32 208 32 93.1 32 0 103.6 0 192c0 37 16.5 71 44 98.2-15.3 30.7-37.3 54.5-37.7 54.9-6.3 6.7-8.1 16.5-4.4 25 3.6 8.5 12 14 21.2 14 53.5 0 96.7-20.2 125.2-38.8 9.2 2.1 18.7 3.7 28.4 4.9C208.1 407.6 281.8 448 368 448c20.8 0 40.8-2.4 59.8-6.8C456.3 459.7 499.4 480 553 480c9.2 0 17.5-5.5 21.2-14 3.6-8.5 1.9-18.3-4.4-25-.4-.3-22.5-24.1-37.8-54.8zm-392.8-92.3L122.1 305c-14.1 9.1-28.5 16.3-43.1 21.4 2.7-4.7 5.4-9.7 8-14.8l15.5-31.1L77.7 256C64.2 242.6 48 220.7 48 192c0-60.7 73.3-112 160-112s160 51.3 160 112-73.3 112-160 112c-16.5 0-33-1.9-49-5.6l-19.8-4.5zM498.3 352l-24.7 24.4 15.5 31.1c2.6 5.1 5.3 10.1 8 14.8-14.6-5.1-29-12.3-43.1-21.4l-17.1-11.1-19.9 4.6c-16 3.7-32.5 5.6-49 5.6-54 0-102.2-20.1-131.3-49.7C338 339.5 416 272.9 416 192c0-3.4-.4-6.7-.7-10C479.7 196.5 528 238.8 528 288c0 28.7-16.2 50.6-29.7 64z\"><\/path><\/svg>\t\t\t\t<\/p>\n<h3>\n\t\t\t\t\t\t\tIndividuelle Beratung<br \/>\n\t\t\t\t\t<\/h3>\n<p>\n\t\t\t\t\t\tFachkundige Unterst\u00fctzung! Wir nehmen uns die n\u00f6tige Zeit, um Sie pers\u00f6nlich zu beraten und gezielt auf Ihre individuellen Anforderungen einzugehen.\n\t\t\t\t\t<\/p>\n<p>\t\t\t\t<svg aria-hidden=\"true\" viewBox=\"0 0 576 512\" xmlns=\"http:\/\/www.w3.org\/2000\/svg\"><path d=\"M519.442 288.651c-41.519 0-59.5 31.593-82.058 31.593C377.409 320.244 432 144 432 144s-196.288 80-196.288-3.297c0-35.827 36.288-46.25 36.288-85.985C272 19.216 243.885 0 210.539 0c-34.654 0-66.366 18.891-66.366 56.346 0 41.364 31.711 59.277 31.711 81.75C175.885 207.719 0 166.758 0 166.758v333.237s178.635 41.047 178.635-28.662c0-22.473-40-40.107-40-81.471 0-37.456 29.25-56.346 63.577-56.346 33.673 0 61.788 19.216 61.788 54.717 0 39.735-36.288 50.158-36.288 85.985 0 60.803 129.675 25.73 181.23 25.73 0 0-34.725-120.101 25.827-120.101 35.962 0 46.423 36.152 86.308 36.152C556.712 416 576 387.99 576 354.443c0-34.199-18.962-65.792-56.558-65.792z\"><\/path><\/svg>\t\t\t\t<\/p>\n<h3>\n\t\t\t\t\t\t\tMa\u00dfgeschneiderte L\u00f6sungen<br \/>\n\t\t\t\t\t<\/h3>\n<p>\n\t\t\t\t\t\tBedarfsorientierte Konzepte! Wir erarbeiten L\u00f6sungen, die exakt auf Ihre technische Situation und Ihre W\u00fcnsche abgestimmt sind.\n\t\t\t\t\t<\/p>\n<p>\t\t\t\t<svg aria-hidden=\"true\" viewBox=\"0 0 640 512\" xmlns=\"http:\/\/www.w3.org\/2000\/svg\"><path d=\"M352 288h-16v-88c0-4.42-3.58-8-8-8h-13.58c-4.74 0-9.37 1.4-13.31 4.03l-15.33 10.22a7.994 7.994 0 0 0-2.22 11.09l8.88 13.31a7.994 7.994 0 0 0 11.09 2.22l.47-.31V288h-16c-4.42 0-8 3.58-8 8v16c0 4.42 3.58 8 8 8h64c4.42 0 8-3.58 8-8v-16c0-4.42-3.58-8-8-8zM608 64H32C14.33 64 0 78.33 0 96v320c0 17.67 14.33 32 32 32h576c17.67 0 32-14.33 32-32V96c0-17.67-14.33-32-32-32zM48 400v-64c35.35 0 64 28.65 64 64H48zm0-224v-64h64c0 35.35-28.65 64-64 64zm272 192c-53.02 0-96-50.15-96-112 0-61.86 42.98-112 96-112s96 50.14 96 112c0 61.87-43 112-96 112zm272 32h-64c0-35.35 28.65-64 64-64v64zm0-224c-35.35 0-64-28.65-64-64h64v64z\"><\/path><\/svg>\t\t\t\t<\/p>\n<h3>\n\t\t\t\t\t\t\tTransparente Abwicklung<br \/>\n\t\t\t\t\t<\/h3>\n<p>\n\t\t\t\t\t\tNachvollziehbarer Prozess! Sie werden \u00fcber alle Schritte informiert \u2013 f\u00fcr eine professionelle Umsetzung mit klarer Kommunikation.\n\t\t\t\t\t<\/p>\n<p>\t\t\t\t\t<a href=\"tel:+43%201%204420408\"><br \/>\n\t\t\t\t\t\t\t\t\t+43 1 4420408<br \/>\n\t\t\t\t\t<\/a><br \/>\n\t\t\t\t\t\t\t\t\t\t\t\t\t\t\t<img loading=\"lazy\" decoding=\"async\" width=\"682\" height=\"1024\" src=\"https:\/\/xn--gasgerte-kundendienst-b2b.at\/wp-content\/uploads\/2025\/12\/WhatsApp-Image-2025-12-23-at-10.29.48-PM-682x1024.jpeg\" alt=\"\" srcset=\"https:\/\/xn--gasgerte-kundendienst-b2b.at\/wp-content\/uploads\/2025\/12\/WhatsApp-Image-2025-12-23-at-10.29.48-PM-682x1024.jpeg 682w, https:\/\/xn--gasgerte-kundendienst-b2b.at\/wp-content\/uploads\/2025\/12\/WhatsApp-Image-2025-12-23-at-10.29.48-PM-200x300.jpeg 200w, https:\/\/xn--gasgerte-kundendienst-b2b.at\/wp-content\/uploads\/2025\/12\/WhatsApp-Image-2025-12-23-at-10.29.48-PM-768x1152.jpeg 768w, https:\/\/xn--gasgerte-kundendienst-b2b.at\/wp-content\/uploads\/2025\/12\/WhatsApp-Image-2025-12-23-at-10.29.48-PM-600x900.jpeg 600w, https:\/\/xn--gasgerte-kundendienst-b2b.at\/wp-content\/uploads\/2025\/12\/WhatsApp-Image-2025-12-23-at-10.29.48-PM-100x150.jpeg 100w, https:\/\/xn--gasgerte-kundendienst-b2b.at\/wp-content\/uploads\/2025\/12\/WhatsApp-Image-2025-12-23-at-10.29.48-PM.jpeg 853w\" sizes=\"auto, (max-width: 682px) 100vw, 682px\" \/>\t\t\t\t\t\t\t\t\t\t\t\t\t\t\t<\/p>\n<h2>Kontaktieren Sie uns noch heute \u2013 Wir sind f\u00fcr Sie da!<br \/>\n<\/h2>\n<article dir=\"auto\" data-testid=\"conversation-turn-27\" data-scroll-anchor=\"true\">\n<p>Vereinbaren Sie jetzt Ihren Service- oder Wartungstermin! Das Expertenteam von Gasger\u00e4te-Kundendienst bietet schnelle und zuverl\u00e4ssige L\u00f6sungen f\u00fcr Ihre Sanit\u00e4r-, Heizungs- und Notfallbed\u00fcrfnisse. Rufen Sie uns an und sorgen Sie f\u00fcr ein komfortables Zuhause!<\/p>\n<\/article>\n<p>\u00a0<br \/>\n\t\t\t\t\t<a href=\"tel:+43%201%204420408\"><br \/>\n\t\t\t\t\t\t\t\t\t+43 1 4420408<br \/>\n\t\t\t\t\t<\/a><br \/>\n\t\t\t\t\t<a href=\"tel:+43%201%204420408\"><br \/>\n\t\t\t\t<svg aria-hidden=\"true\" viewBox=\"0 0 384 512\" xmlns=\"http:\/\/www.w3.org\/2000\/svg\"><path d=\"M288 248v28c0 6.6-5.4 12-12 12H108c-6.6 0-12-5.4-12-12v-28c0-6.6 5.4-12 12-12h168c6.6 0 12 5.4 12 12zm-12 72H108c-6.6 0-12 5.4-12 12v28c0 6.6 5.4 12 12 12h168c6.6 0 12-5.4 12-12v-28c0-6.6-5.4-12-12-12zm108-188.1V464c0 26.5-21.5 48-48 48H48c-26.5 0-48-21.5-48-48V48C0 21.5 21.5 0 48 0h204.1C264.8 0 277 5.1 286 14.1L369.9 98c9 8.9 14.1 21.2 14.1 33.9zm-128-80V128h76.1L256 51.9zM336 464V176H232c-13.3 0-24-10.7-24-24V48H48v416h288z\"><\/path><\/svg><br \/>\n\t\t\t\t\t\t\t\t\tRequest a quote<br \/>\n\t\t\t\t\t<\/a><\/p>\n","protected":false},"excerpt":{"rendered":"Unsere Preisliste Transparente Kostenstruktur! Unsere aktuelle Preisliste verschafft Ihnen einen \u00fcbersichtlichen Einblick in unsere fair kalkulierten und marktgerechten Preise f\u00fcr s\u00e4mtliche angebotenen Leistungen. Unser Einsatzgebiet umfasst Wien sowie das Umland im Umkreis von bis zu 100\u202fkm. +43 1 4420408 140K+ Zufriedene Kunden Jahrelange Erfahrung 0 + Kunden weltweit 0 k \ud83d\udd52 Unsere Arbeitszeiten &amp; Stundens\u00e4tze [&hellip;]","protected":false},"author":1,"featured_media":0,"parent":0,"menu_order":0,"comment_status":"closed","ping_status":"closed","template":"elementor_header_footer","meta":{"footnotes":""},"class_list":["post-1800","page","type-page","status-publish","hentry"],"_links":{"self":[{"href":"https:\/\/xn--gasgerte-kundendienst-b2b.at\/index.php?rest_route=\/wp\/v2\/pages\/1800","targetHints":{"allow":["GET"]}}],"collection":[{"href":"https:\/\/xn--gasgerte-kundendienst-b2b.at\/index.php?rest_route=\/wp\/v2\/pages"}],"about":[{"href":"https:\/\/xn--gasgerte-kundendienst-b2b.at\/index.php?rest_route=\/wp\/v2\/types\/page"}],"author":[{"embeddable":true,"href":"https:\/\/xn--gasgerte-kundendienst-b2b.at\/index.php?rest_route=\/wp\/v2\/users\/1"}],"replies":[{"embeddable":true,"href":"https:\/\/xn--gasgerte-kundendienst-b2b.at\/index.php?rest_route=%2Fwp%2Fv2%2Fcomments&post=1800"}],"version-history":[{"count":25,"href":"https:\/\/xn--gasgerte-kundendienst-b2b.at\/index.php?rest_route=\/wp\/v2\/pages\/1800\/revisions"}],"predecessor-version":[{"id":2557,"href":"https:\/\/xn--gasgerte-kundendienst-b2b.at\/index.php?rest_route=\/wp\/v2\/pages\/1800\/revisions\/2557"}],"wp:attachment":[{"href":"https:\/\/xn--gasgerte-kundendienst-b2b.at\/index.php?rest_route=%2Fwp%2Fv2%2Fmedia&parent=1800"}],"curies":[{"name":"wp","href":"https:\/\/api.w.org\/{rel}","templated":true}]}}